{"id":19997,"date":"2018-12-03T01:57:49","date_gmt":"2018-12-03T00:57:49","guid":{"rendered":"https:\/\/skyway.ge.it\/antikes-holz\/zurueckgewonnene-fussboeden\/"},"modified":"2024-01-03T18:47:06","modified_gmt":"2024-01-03T17:47:06","slug":"zurueckgewonnene-fussboeden","status":"publish","type":"page","link":"https:\/\/skyway.ge.it\/de\/antikes-holz\/zurueckgewonnene-fussboeden\/","title":{"rendered":"Zur\u00fcckgewonnene Fu\u00dfb\u00f6den"},"content":{"rendered":"<section class=\"wpb-content-wrapper\"><p>[vc_row full_width=&#8220;stretch_row&#8220; css=&#8220;.vc_custom_1543802971808{margin-bottom: 80px !important;padding-top: 80px !important;padding-bottom: 14px !important;background-color: #ffffff !important;}&#8220;][vc_column width=&#8220;1\/4&#8243;]<span style=\"color:#ffffff\" class=\"subtitle dash-false style-light text-default\"><\/span>[vc_column_text]<\/p>\n<h3><span style=\"color: #993300;\">ZUR\u00dcCKGEWONNENE FU\u00dfB\u00d6DEN<\/span><\/h3>\n<p>[\/vc_column_text][vc_column_text]Massive Dielen, die aus alten Bauernh\u00f6fen und Scheunen wiedergewonnen wurden.<\/p>\n<p>Sie k\u00f6nnen f\u00fcr die Herstellung von Fu\u00dfb\u00f6den, Wandverkleidungen und M\u00f6beln verwendet werden.<\/p>\n<p>Holzarten: Fichte, Kiefer und L\u00e4rche<\/p>\n<ul>\n<li>L\u00e4ngen: 150 bis 450 cm<\/li>\n<li>Breiten: 15 bis 35 cm<\/li>\n<li>Dicken: 2 bis 8 cm<\/li>\n<\/ul>\n<p>&nbsp;<\/p>\n<p>Je nach Bedarf k\u00f6nnen verschiedene Prozesse durchgef\u00fchrt werden.<\/p>\n<p>Die Bretter k\u00f6nnen gewaschen, getrocknet, geb\u00fcrstet, auf die gew\u00fcnschte Dicke gebracht und bes\u00e4umt werden.[\/vc_column_text][vc_empty_space height=&#8220;162px&#8220;][vc_single_image image=&#8220;15621&#8243; alignment=&#8220;center&#8220; css_animation=&#8220;appear&#8220;][\/vc_column][vc_column width=&#8220;3\/4&#8243;][vc_column_text]<\/p>\n<div class=\"\">\n<div class=\"\">\n<h3><span class=\"\" style=\"font-family: Arial; font-size: medium; color: #dd9933;\"><span class=\"\">Wiedergewonnene Fu\u00dfb\u00f6den aus Fichtenholz <span class=\"\"><\/span><\/span><\/span><\/h3>\n<\/div>\n<\/div>\n<p>[\/vc_column_text][vc_media_grid initial_loading_animation=&#8220;none&#8220; grid_id=&#8220;vc_gid:1704216364976-b5ac9c5d-d9b4-7&#8243; include=&#8220;15701,15541,15549,15557,15573,15709&#8243;][vc_column_text]<\/p>\n<div class=\"\">\n<div class=\"\">\n<h3><span class=\"\" style=\"font-family: Arial; font-size: medium; color: #dd9933;\"><span class=\"\">Wiedergewonnene Fu\u00dfb\u00f6den aus L\u00e4rchenholz<span class=\"\"><\/span><\/span><\/span><\/h3>\n<\/div>\n<\/div>\n<p>[\/vc_column_text][vc_media_grid grid_id=&#8220;vc_gid:1704216364977-a7426475-6b7b-0&#8243; include=&#8220;15749,15717,15757,16805,15733,15725&#8243;][\/vc_column][\/vc_row][vc_row][vc_column][vc_widget_sidebar sidebar_id=&#8220;sidebar&#8220;][\/vc_column][\/vc_row]<\/p>\n<\/section>","protected":false},"excerpt":{"rendered":"<p>[vc_row full_width=&#8220;stretch_row&#8220; css=&#8220;.vc_custom_1543802971808{margin-bottom: 80px !important;padding-top: 80px !important;padding-bottom: 14px !important;background-color: #ffffff !important;}&#8220;][vc_column width=&#8220;1\/4&#8243;][vc_column_text] ZUR\u00dcCKGEWONNENE FU\u00dfB\u00d6DEN [\/vc_column_text][vc_column_text]Massive Dielen, die aus alten Bauernh\u00f6fen und Scheunen wiedergewonnen wurden. Sie k\u00f6nnen f\u00fcr die Herstellung von Fu\u00dfb\u00f6den, Wandverkleidungen und M\u00f6beln verwendet werden. Holzarten: Fichte, Kiefer und L\u00e4rche L\u00e4ngen: 150 bis 450 cm Breiten: 15 bis 35 cm Dicken: 2 bis 8 [&hellip;]<\/p>\n","protected":false},"author":1,"featured_media":10877,"parent":18849,"menu_order":0,"comment_status":"closed","ping_status":"closed","template":"","meta":{"footnotes":""},"_links":{"self":[{"href":"https:\/\/skyway.ge.it\/de\/wp-json\/wp\/v2\/pages\/19997"}],"collection":[{"href":"https:\/\/skyway.ge.it\/de\/wp-json\/wp\/v2\/pages"}],"about":[{"href":"https:\/\/skyway.ge.it\/de\/wp-json\/wp\/v2\/types\/page"}],"author":[{"embeddable":true,"href":"https:\/\/skyway.ge.it\/de\/wp-json\/wp\/v2\/users\/1"}],"replies":[{"embeddable":true,"href":"https:\/\/skyway.ge.it\/de\/wp-json\/wp\/v2\/comments?post=19997"}],"version-history":[{"count":11,"href":"https:\/\/skyway.ge.it\/de\/wp-json\/wp\/v2\/pages\/19997\/revisions"}],"predecessor-version":[{"id":20061,"href":"https:\/\/skyway.ge.it\/de\/wp-json\/wp\/v2\/pages\/19997\/revisions\/20061"}],"up":[{"embeddable":true,"href":"https:\/\/skyway.ge.it\/de\/wp-json\/wp\/v2\/pages\/18849"}],"wp:featuredmedia":[{"embeddable":true,"href":"https:\/\/skyway.ge.it\/de\/wp-json\/wp\/v2\/media\/10877"}],"wp:attachment":[{"href":"https:\/\/skyway.ge.it\/de\/wp-json\/wp\/v2\/media?parent=19997"}],"curies":[{"name":"wp","href":"https:\/\/api.w.org\/{rel}","templated":true}]}}