{"id":19245,"date":"2023-07-06T14:54:04","date_gmt":"2023-07-06T12:54:04","guid":{"rendered":"https:\/\/skyway.ge.it\/wie-wir-es-machen-ligurien\/"},"modified":"2023-07-11T19:09:29","modified_gmt":"2023-07-11T17:09:29","slug":"wie-wir-es-machen-ligurien","status":"publish","type":"page","link":"https:\/\/skyway.ge.it\/de\/wie-wir-es-machen-ligurien\/","title":{"rendered":"Wie wir es machen Ligurien"},"content":{"rendered":"<section class=\"wpb-content-wrapper\"><p>[vc_row][vc_column][vc_column_text]<\/p>\n<h4>CasaAntica speciale Montagna<\/h4>\n<h4>Artikel: H\u00e4usliche Z\u00e4rtlichkeit zwischen Meer und Bergen (tenerezze domestiche fra mare e montagna)<\/h4>\n<p>Zweimonatliche Ver\u00f6ffentlichung September 2018 \/ Oktober 2018 \u2013 Rustico auf den Anh\u00f6hen von Rapallo, Ligurien.[\/vc_column_text][\/vc_column][\/vc_row][vc_row][vc_column][vc_masonry_media_grid grid_id=&#8220;vc_gid:1688753069377-2566bed0-28d3-6&#8243; include=&#8220;16461,16453,16445,16437,16429,16421,16413,16405,16397,16389,16381&#8243;][\/vc_column][\/vc_row]<\/p>\n<\/section>","protected":false},"excerpt":{"rendered":"<p>[vc_row][vc_column][vc_column_text] CasaAntica speciale Montagna Artikel: H\u00e4usliche Z\u00e4rtlichkeit zwischen Meer und Bergen (tenerezze domestiche fra mare e montagna) Zweimonatliche Ver\u00f6ffentlichung September 2018 \/ Oktober 2018 \u2013 Rustico auf den Anh\u00f6hen von Rapallo, Ligurien.[\/vc_column_text][\/vc_column][\/vc_row][vc_row][vc_column][vc_masonry_media_grid grid_id=&#8220;vc_gid:1688753069377-2566bed0-28d3-6&#8243; include=&#8220;16461,16453,16445,16437,16429,16421,16413,16405,16397,16389,16381&#8243;][\/vc_column][\/vc_row]<\/p>\n","protected":false},"author":1,"featured_media":0,"parent":0,"menu_order":0,"comment_status":"closed","ping_status":"closed","template":"","meta":{"footnotes":""},"_links":{"self":[{"href":"https:\/\/skyway.ge.it\/de\/wp-json\/wp\/v2\/pages\/19245"}],"collection":[{"href":"https:\/\/skyway.ge.it\/de\/wp-json\/wp\/v2\/pages"}],"about":[{"href":"https:\/\/skyway.ge.it\/de\/wp-json\/wp\/v2\/types\/page"}],"author":[{"embeddable":true,"href":"https:\/\/skyway.ge.it\/de\/wp-json\/wp\/v2\/users\/1"}],"replies":[{"embeddable":true,"href":"https:\/\/skyway.ge.it\/de\/wp-json\/wp\/v2\/comments?post=19245"}],"version-history":[{"count":5,"href":"https:\/\/skyway.ge.it\/de\/wp-json\/wp\/v2\/pages\/19245\/revisions"}],"predecessor-version":[{"id":19269,"href":"https:\/\/skyway.ge.it\/de\/wp-json\/wp\/v2\/pages\/19245\/revisions\/19269"}],"wp:attachment":[{"href":"https:\/\/skyway.ge.it\/de\/wp-json\/wp\/v2\/media?parent=19245"}],"curies":[{"name":"wp","href":"https:\/\/api.w.org\/{rel}","templated":true}]}}