{"id":19081,"date":"2018-09-24T07:47:13","date_gmt":"2018-09-24T05:47:13","guid":{"rendered":"https:\/\/skyway.ge.it\/demo-8-industrial-dark-home\/"},"modified":"2023-07-11T20:21:05","modified_gmt":"2023-07-11T18:21:05","slug":"demo-8-industrial-dark-home","status":"publish","type":"page","link":"https:\/\/skyway.ge.it\/de\/","title":{"rendered":"Demo 8 \u2013 Industrial (Dark) Home"},"content":{"rendered":"<section class=\"wpb-content-wrapper\"><p>[vc_row css=&#8220;.vc_custom_1537784255931{margin-bottom: 80px !important;}&#8220; el_class=&#8220;overlapped&#8220;][vc_column width=&#8220;1\/3&#8243;]<div class=\"content-box service-item alignment-centered service-box-dark spacing-30\"><a href=\"https:\/\/skyway.ge.it\/de\/was-wir-tun\/\"><div class=\"image-container\"><div class=\"vertical-number-box\"><span class=\"vertical-number\">01 Link<\/span><\/div><div class=\"arrow-box\"><span class=\"icon-arrow-right\"><\/span><\/div><img decoding=\"async\" src=\"https:\/\/skyway.ge.it\/wp-content\/uploads\/2018\/11\/Attivita\u0300-Legnio-Attivita\u0300.jpg\" alt=\"Was wir machen\"><\/div><div class=\"content-box-info\"><h4 class=\"box-heading\">Was wir machen<\/h4><\/div><\/a><\/div>[\/vc_column][vc_column width=&#8220;1\/3&#8243;]<div class=\"content-box service-item alignment-centered service-box-dark spacing-30\"><a href=\"https:\/\/skyway.ge.it\/de\/antikes-holz\/\"><div class=\"image-container\"><div class=\"vertical-number-box\"><span class=\"vertical-number\">02 Link<\/span><\/div><div class=\"arrow-box\"><span class=\"icon-arrow-right\"><\/span><\/div><img decoding=\"async\" src=\"https:\/\/skyway.ge.it\/wp-content\/uploads\/2022\/12\/SKYWAY-LEGNO-ANTICO-1.jpg\" alt=\"Antikes Holz\"><\/div><div class=\"content-box-info\"><h4 class=\"box-heading\">Antikes Holz<\/h4><\/div><\/a><\/div>[\/vc_column][vc_column width=&#8220;1\/3&#8243;]<div class=\"content-box service-item alignment-centered service-box-dark spacing-30\"><a href=\"https:\/\/skyway.ge.it\/de\/verwirklichungen\/\"><div class=\"image-container\"><div class=\"vertical-number-box\"><span class=\"vertical-number\">03 Link<\/span><\/div><div class=\"arrow-box\"><span class=\"icon-arrow-right\"><\/span><\/div><img decoding=\"async\" src=\"https:\/\/skyway.ge.it\/wp-content\/uploads\/2018\/11\/Skyway-REALIZZAZIONI.jpg\" alt=\"Umsetzungen\"><\/div><div class=\"content-box-info\"><h4 class=\"box-heading\">Umsetzungen<\/h4><\/div><\/a><\/div>[\/vc_column][\/vc_row][vc_row full_width=&#8220;stretch_row&#8220; css=&#8220;.vc_custom_1538402505481{padding-top: 100px !important;padding-bottom: 100px !important;background: #292929 url(https:\/\/themicart.com\/interico-wpb\/wp-content\/uploads\/2018\/10\/vertical-grid-5.png?id=12972) !important;background-position: 0 0 !important;background-repeat: repeat !important;}&#8220;][vc_column width=&#8220;1\/2&#8243;]<span style=\"color:#dd9933\" class=\"subtitle dash-true style-dark text-default\">DIE FASZINATION DER ZEIT<\/span>[vc_column_text]<\/p>\n<h2>Der Lauf der Zeit schafft einzigartige und wertvolle Werke.<\/h2>\n<p>[\/vc_column_text][\/vc_column][vc_column width=&#8220;1\/2&#8243;][vc_column_text]<\/p>\n<h4>Auf dem heutigen Markt sind viele Arten von Produkten und Materialien erh\u00e4ltich, aber der Charme und der Charakter antiker H\u00f6lzer ist einzigartig und unverwechselbar, und bietet Empfindungen, die von der Natur und der Zeit gepr\u00e4gt sind.<\/h4>\n<h4>SKYWAY ANTIKES HOLZ ist Tr\u00e4ger dieser Werte, die den Lauf der Zeit \u00fcberdauern.<\/h4>\n<p>[\/vc_column_text][\/vc_column][\/vc_row][vc_row full_width=&#8220;stretch_row_content_no_spaces&#8220;][vc_column][\/vc_column][\/vc_row][vc_row full_width=&#8220;stretch_row&#8220; equal_height=&#8220;yes&#8220; content_placement=&#8220;middle&#8220; el_class=&#8220;spaced&#8220;][vc_column width=&#8220;8\/12&#8243;][vc_single_image image=&#8220;15293&#8243; onclick=&#8220;img_link_large&#8220;][\/vc_column][vc_column width=&#8220;4\/12&#8243;][vc_row_inner el_class=&#8220;overlap-left&#8220;][vc_column_inner el_class=&#8220;shadow-box&#8220;]<span style=\"color:#dd9933\" class=\"subtitle dash-true style-dark text-default\">SKYWAY ANTIKES HOLZ<\/span>[vc_column_text css=&#8220;.vc_custom_1543336721553{margin-bottom: 20px !important;}&#8220;]<\/p>\n<h2>\u00dcBER UNS<\/h2>\n<p>Seit mehr als 15 Jahren revitalisieren wir, mit Leidenschaft, antikes Holz aus Fichte und L\u00e4rche.[\/vc_column_text]<a href=\"https:\/\/skyway.ge.it\/de\/who-we-are\/\" class=\"btn btn-regular arrow-right\"><span>Read More<\/span><\/a>[\/vc_column_inner][\/vc_row_inner][\/vc_column][\/vc_row][vc_row full_width=&#8220;stretch_row&#8220; css=&#8220;.vc_custom_1538402505481{padding-top: 100px !important;padding-bottom: 100px !important;background: #292929 url(https:\/\/themicart.com\/interico-wpb\/wp-content\/uploads\/2018\/10\/vertical-grid-5.png?id=12972) !important;background-position: 0 0 !important;background-repeat: repeat !important;}&#8220;][vc_column width=&#8220;1\/2&#8243;]<span style=\"color:#dd9933\" class=\"subtitle dash-true style-dark text-default\">UNSERE PHILOSOPHIE<\/span>[vc_column_text]<\/p>\n<h2>Leidenschaft f\u00fcr antikes Holz, Handwerkskunst und Respekt f\u00fcr die Natur.<\/h2>\n<p>[\/vc_column_text][\/vc_column][vc_column width=&#8220;1\/2&#8243;][vc_column_text]<\/p>\n<h4>Holz ist ein ledendiges und wertvolles Material, vor allem antikes Holz, und wenn es von sorgf\u00e4ltigen H\u00e4nden behandelt wird, passt es sich perfekt an Umgebungen und Situationen an.<\/h4>\n<h4>Unser Holz wird aus alten Bauernh\u00f6fen und Scheunen demontiert und zur\u00fcckgewonnen, mit Respekt f\u00fcr die Natur und die \u00f6kologische Nachhaltigkeit.<\/h4>\n<p>[\/vc_column_text][\/vc_column][\/vc_row][vc_row full_width=&#8220;stretch_row&#8220; css_animation=&#8220;appear&#8220; css=&#8220;.vc_custom_1543431770787{background: #204b56 url(https:\/\/themicart.com\/interico-wpb\/wp-content\/uploads\/2018\/04\/vertical-lines-dark.png?id=9781) !important;background-position: 0 0 !important;background-repeat: repeat !important;}&#8220; el_class=&#8220;spaced&#8220;][vc_column]<span class=\"subtitle dash-false style-light text-center\">SCHNELLVORSCHAU<\/span>[vc_column_text]<\/p>\n<p style=\"text-align: center;\">[vc_row][vc_column][vc_column_text]<\/p>\n<h2 id=\"tw-target-text\" class=\"tw-data-text tw-text-large tw-ta\" dir=\"ltr\" style=\"text-align: center;\" data-placeholder=\"Traduzione\"><span class=\"Y2IQFc\" lang=\"de\" style=\"color: #ffffff;\">UNSERE MATERIALIEN<\/span><\/h2>\n<p style=\"text-align: center;\">[\/vc_column_text]<div class=\"dash style-light centered\"><\/div>[vc_row_inner css=&#8220;.vc_custom_1534230795018{margin-top: 60px !important;}&#8220;][vc_column_inner width=&#8220;1\/4&#8243;]<div class=\"team-member light\"><div class=\"content-box\"><div class=\"image-container\"><div class=\"member-details\"><hr><span class=\"member-info\">Massive Dielen, die aus alten Bauernh\u00f6fen und Scheunen wiedergewonnen wurden.<\/span><hr><ul class=\"social\"><li><a target=\"_blank\" href=\"https:\/\/skyway.ge.it\/de\/antikes-holz\/pavimentidirecupero-pavimenti-antichimasi-arredi\/\"><i class=\"fa fa fa-arrow-right\" aria-hidden=\"true\"><\/i><\/a><\/li><\/ul><\/div><div class=\"side-overlay\"><\/div><div class=\"vertical-number-box\"><span class=\"vertical-number\">Holzarten: Fichte, Kiefer und L\u00e4rche<\/span><\/div><img decoding=\"async\" src=\"https:\/\/skyway.ge.it\/wp-content\/uploads\/2018\/11\/Foto-pavimento-Recupero.jpg\" alt=\"ZUR\u00dcCKGEWONNENE FU\u00dfB\u00d6DEN\"><\/div><div class=\"content-box-info\"><h4>ZUR\u00dcCKGEWONNENE FU\u00dfB\u00d6DEN<\/h4><\/div><\/div><\/div>[\/vc_column_inner][vc_column_inner width=&#8220;1\/4&#8243;]<div class=\"team-member light\"><div class=\"content-box\"><div class=\"image-container\"><div class=\"member-details\"><hr><span class=\"member-info\">Massivholzbalken, die von Hand mit der Axt geschlagen und aus den Strukturen und W\u00e4nden alter Bauernh\u00e4user und Scheunen wiedergewonnen wurden.<\/span><hr><ul class=\"social\"><li><a target=\"_blank\" href=\"https:\/\/skyway.ge.it\/de\/antikes-holz\/balken-und-blockhouse\/\"><i class=\"fa fa fa-arrow-right\" aria-hidden=\"true\"><\/i><\/a><\/li><\/ul><\/div><div class=\"side-overlay\"><\/div><div class=\"vertical-number-box\"><span class=\"vertical-number\">H.: Fichte, Kiefer, L\u00e4rche und Eiche<\/span><\/div><img decoding=\"async\" src=\"https:\/\/skyway.ge.it\/wp-content\/uploads\/2018\/11\/Skyway-BlockHouse.jpg\" alt=\"BALKEN UND BLOCKHOUSE\"><\/div><div class=\"content-box-info\"><h4>BALKEN UND BLOCKHOUSE<\/h4><\/div><\/div><\/div>[\/vc_column_inner][vc_column_inner width=&#8220;1\/4&#8243;]<div class=\"team-member light\"><div class=\"content-box\"><div class=\"image-container\"><div class=\"member-details\"><hr><span class=\"member-info\">Bretter, die aus den W\u00e4nden alter Bauernh\u00e4user und Scheunen wiedergewonnen wurden. Sie k\u00f6nnen f\u00fcr die Verkleidung von W\u00e4nden und Decken verwendet werden.<\/span><hr><ul class=\"social\"><li><a target=\"_blank\" href=\"https:\/\/skyway.ge.it\/de\/antikes-holz\/sonnenverbrannte-bretter\/\"><i class=\"fa fa fa-arrow-right\" aria-hidden=\"true\"><\/i><\/a><\/li><\/ul><\/div><div class=\"side-overlay\"><\/div><div class=\"vertical-number-box\"><span class=\"vertical-number\">Holzarten: Fichte, Kiefer und L\u00e4rche<\/span><\/div><img decoding=\"async\" src=\"https:\/\/skyway.ge.it\/wp-content\/uploads\/2018\/11\/Skyway-Tavole-Bruciate-dal-Sole-.jpg\" alt=\"SONNENVERBRANNTE BRETTER\"><\/div><div class=\"content-box-info\"><h4>SONNENVERBRANNTE BRETTER<\/h4><\/div><\/div><\/div>[\/vc_column_inner][vc_column_inner width=&#8220;1\/4&#8243;]<div class=\"team-member light\"><div class=\"content-box\"><div class=\"image-container\"><div class=\"member-details\"><hr><span class=\"member-info\">Tavole di recupero adatte per realizzare pavimenti, rivestimenti ed arredi.<\/span><hr><ul class=\"social\"><li><a target=\"_blank\" href=\"https:\/\/skyway.ge.it\/de\/antikes-holz\/bauernhofbretter\/\"><i class=\"fa fa fa-arrow-right\" aria-hidden=\"true\"><\/i><\/a><\/li><\/ul><\/div><div class=\"side-overlay\"><\/div><div class=\"vertical-number-box\"><span class=\"vertical-number\">Essenza: Abete<\/span><\/div><img decoding=\"async\" src=\"https:\/\/skyway.ge.it\/wp-content\/uploads\/2018\/11\/Skyway-Maso.jpg\" alt=\"BAUERNHOFBRETTER\"><\/div><div class=\"content-box-info\"><h4>BAUERNHOFBRETTER<\/h4><\/div><\/div><\/div>[\/vc_column_inner][\/vc_row_inner][vc_row_inner css=&#8220;.vc_custom_1547507550191{margin-top: 60px !important;margin-right: 0px !important;margin-bottom: 0px !important;margin-left: px !important;}&#8220;][vc_column_inner width=&#8220;1\/4&#8243;]<div class=\"team-member light\"><div class=\"content-box\"><div class=\"image-container\"><div class=\"member-details\"><hr><span class=\"member-info\">Bretter, die durch S\u00e4gen der Ausenseiten alter Balken hergestellt werden, die von Hand mit einer Axt geschnitten wurden.<\/span><hr><ul class=\"social\"><li><a target=\"_blank\" href=\"https:\/\/skyway.ge.it\/de\/antikes-holz\/balken-scheiben\/\"><i class=\"fa fa fa-arrow-right\" aria-hidden=\"true\"><\/i><\/a><\/li><\/ul><\/div><div class=\"side-overlay\"><\/div><div class=\"vertical-number-box\"><span class=\"vertical-number\">Holzarten: Fichte, Kiefer und L\u00e4rche<\/span><\/div><img decoding=\"async\" src=\"https:\/\/skyway.ge.it\/wp-content\/uploads\/2018\/11\/Skyway-Fettoni.jpg\" alt=\"BALKEN-SCHEIBEN\"><\/div><div class=\"content-box-info\"><h4>BALKEN-SCHEIBEN<\/h4><\/div><\/div><\/div>[\/vc_column_inner][vc_column_inner width=&#8220;1\/4&#8243;]<div class=\"team-member light\"><div class=\"content-box\"><div class=\"image-container\"><div class=\"member-details\"><hr><span class=\"member-info\">Vorgefertigte dreischichtige Dielen, wobei der sichtbare, edle Teil aus wiedergewonnenen Brettern mit erster Patina besteht.<\/span><hr><ul class=\"social\"><li><a target=\"_blank\" href=\"https:\/\/skyway.ge.it\/de\/antikes-holz\/parquet\/\"><i class=\"fa fa fa-arrow-right\" aria-hidden=\"true\"><\/i><\/a><\/li><\/ul><\/div><div class=\"side-overlay\"><\/div><div class=\"vertical-number-box\"><span class=\"vertical-number\">H.: Fichte, Kiefer, L\u00e4rche und Eiche<\/span><\/div><img decoding=\"async\" src=\"https:\/\/skyway.ge.it\/wp-content\/uploads\/2018\/11\/Skyway-Parquet-Larice.jpg\" alt=\"PARQUET\"><\/div><div class=\"content-box-info\"><h4>PARQUET<\/h4><\/div><\/div><\/div>[\/vc_column_inner][vc_column_inner width=&#8220;1\/4&#8243;]<div class=\"team-member light\"><div class=\"content-box\"><div class=\"image-container\"><div class=\"member-details\"><hr><span class=\"member-info\">Dreischichtige Paneele mit dem sichtbaren, edlen Teil aus wiedergewonnenen Brettern in erster Patina.<\/span><hr><ul class=\"social\"><li><a target=\"_blank\" href=\"https:\/\/skyway.ge.it\/de\/antikes-holz\/paneele\/\"><i class=\"fa fa fa-arrow-right\" aria-hidden=\"true\"><\/i><\/a><\/li><\/ul><\/div><div class=\"side-overlay\"><\/div><div class=\"vertical-number-box\"><span class=\"vertical-number\">Holzarten: Fichte, Kiefer und L\u00e4rche<\/span><\/div><img decoding=\"async\" src=\"https:\/\/skyway.ge.it\/wp-content\/uploads\/2018\/11\/Skyway-Panelli-legno.jpg\" alt=\"PANEELE\"><\/div><div class=\"content-box-info\"><h4>PANEELE<\/h4><\/div><\/div><\/div>[\/vc_column_inner][vc_column_inner width=&#8220;1\/4&#8243;]<div class=\"team-member light\"><div class=\"content-box\"><div class=\"image-container\"><div class=\"member-details\"><hr><span class=\"member-info\">Zweischichtige Mehrschichtplatten f\u00fcr die Herstellung von T\u00fcren. Sie sind mit wiederhergestellten Brettern in erster Patina verkleidet.<\/span><hr><ul class=\"social\"><li><a target=\"_blank\" href=\"https:\/\/skyway.ge.it\/de\/antikes-holz\/tueren\/\"><i class=\"fa fa fa-arrow-right\" aria-hidden=\"true\"><\/i><\/a><\/li><\/ul><\/div><div class=\"side-overlay\"><\/div><div class=\"vertical-number-box\"><span class=\"vertical-number\">Holzarten: Fichte, Kiefer und L\u00e4rche<\/span><\/div><img decoding=\"async\" src=\"https:\/\/skyway.ge.it\/wp-content\/uploads\/2018\/11\/Skyway-Porte-legno.jpg\" alt=\"T\u00dcREN\"><\/div><div class=\"content-box-info\"><h4>T\u00dcREN<\/h4><\/div><\/div><\/div>[\/vc_column_inner][\/vc_row_inner][\/vc_column][\/vc_row][vc_row][vc_column][vc_column_text]<\/p>\n<p>&nbsp;<\/p>\n<h2 style=\"text-align: center;\">Die Wahl des antiken Holzes erz\u00e4hlt eine Geschichte von Leidenschaft, Kunst und Respekt f\u00fcr die Natur.<\/h2>\n<p>&nbsp;<\/p>\n<h3 style=\"text-align: center;\">Kontaktieren Sie uns f\u00fcr alle Ihre Bed\u00fcrfnisse f\u00fcr Informationen oder Beratung.<\/h3>\n<p>[\/vc_column_text][vc_empty_space height=&#8220;22px&#8220;][vc_gmaps link=&#8220;#E-8_JTNDaWZyYW1lJTIwc3JjJTNEJTIyaHR0cHMlM0ElMkYlMkZ3d3cuZ29vZ2xlLmNvbSUyRm1hcHMlMkZlbWJlZCUzRnBiJTNEJTIxMW0xOCUyMTFtMTIlMjExbTMlMjExZDI3ODQuODkxNDA4NjM2ODkyJTIxMmQ3LjM1OTc4MzMxNjEyODExMDUlMjEzZDQ1LjczMzI3MjUyMzQ2ODY4JTIxMm0zJTIxMWYwJTIxMmYwJTIxM2YwJTIxM20yJTIxMWkxMDI0JTIxMmk3NjglMjE0ZjEzLjElMjEzbTMlMjExbTIlMjExczB4NDc4OGRmMzlkZTE2YThiNSUyNTNBMHhlMjMyMmZkY2M3ZjY3NDM1JTIxMnNMb2NhbGl0JTI1QzMlMjVBMCUyNTIwTGVzJTI1MjBJbGVzJTI1MkMlMjUyMDMlMjUyQyUyNTIwMTEwMjAlMjUyMFBvbGxlaW4lMjUyMEFPJTIxNWUwJTIxM20yJTIxMXNpdCUyMTJzaXQlMjE0djE1OTE3ODgyMjk1MDElMjE1bTIlMjExc2l0JTIxMnNpdCUyMiUyMHdpZHRoJTNEJTIyNjAwJTIyJTIwaGVpZ2h0JTNEJTIyNDUwJTIyJTIwZnJhbWVib3JkZXIlM0QlMjIwJTIyJTIwc3R5bGUlM0QlMjJib3JkZXIlM0EwJTNCJTIyJTIwYWxsb3dmdWxsc2NyZWVuJTNEJTIyJTIyJTIwYXJpYS1oaWRkZW4lM0QlMjJmYWxzZSUyMiUyMHRhYmluZGV4JTNEJTIyMCUyMiUzRSUzQyUyRmlmcmFtZSUzRQ==&#8220;][\/vc_column][\/vc_row]<\/p>\n<\/section>","protected":false},"excerpt":{"rendered":"<p>[vc_row css=&#8220;.vc_custom_1537784255931{margin-bottom: 80px !important;}&#8220; el_class=&#8220;overlapped&#8220;][vc_column width=&#8220;1\/3&#8243;][\/vc_column][vc_column width=&#8220;1\/3&#8243;][\/vc_column][vc_column width=&#8220;1\/3&#8243;][\/vc_column][\/vc_row][vc_row full_width=&#8220;stretch_row&#8220; css=&#8220;.vc_custom_1538402505481{padding-top: 100px !important;padding-bottom: 100px !important;background: #292929 url(https:\/\/themicart.com\/interico-wpb\/wp-content\/uploads\/2018\/10\/vertical-grid-5.png?id=12972) !important;background-position: 0 0 !important;background-repeat: repeat !important;}&#8220;][vc_column width=&#8220;1\/2&#8243;][vc_column_text] Der Lauf der Zeit schafft einzigartige und wertvolle Werke. [\/vc_column_text][\/vc_column][vc_column width=&#8220;1\/2&#8243;][vc_column_text] Auf dem heutigen Markt sind viele Arten von Produkten und Materialien erh\u00e4ltich, aber der Charme und der Charakter antiker H\u00f6lzer ist [&hellip;]<\/p>\n","protected":false},"author":1,"featured_media":0,"parent":0,"menu_order":0,"comment_status":"closed","ping_status":"closed","template":"page-slider.php","meta":{"footnotes":""},"_links":{"self":[{"href":"https:\/\/skyway.ge.it\/de\/wp-json\/wp\/v2\/pages\/19081"}],"collection":[{"href":"https:\/\/skyway.ge.it\/de\/wp-json\/wp\/v2\/pages"}],"about":[{"href":"https:\/\/skyway.ge.it\/de\/wp-json\/wp\/v2\/types\/page"}],"author":[{"embeddable":true,"href":"https:\/\/skyway.ge.it\/de\/wp-json\/wp\/v2\/users\/1"}],"replies":[{"embeddable":true,"href":"https:\/\/skyway.ge.it\/de\/wp-json\/wp\/v2\/comments?post=19081"}],"version-history":[{"count":7,"href":"https:\/\/skyway.ge.it\/de\/wp-json\/wp\/v2\/pages\/19081\/revisions"}],"predecessor-version":[{"id":19353,"href":"https:\/\/skyway.ge.it\/de\/wp-json\/wp\/v2\/pages\/19081\/revisions\/19353"}],"wp:attachment":[{"href":"https:\/\/skyway.ge.it\/de\/wp-json\/wp\/v2\/media?parent=19081"}],"curies":[{"name":"wp","href":"https:\/\/api.w.org\/{rel}","templated":true}]}}