{"id":18985,"date":"2018-12-13T15:22:37","date_gmt":"2018-12-13T14:22:37","guid":{"rendered":"https:\/\/skyway.ge.it\/antikes-holz\/tueren\/"},"modified":"2023-07-11T17:33:02","modified_gmt":"2023-07-11T15:33:02","slug":"tueren","status":"publish","type":"page","link":"https:\/\/skyway.ge.it\/de\/antikes-holz\/tueren\/","title":{"rendered":"T\u00fcren"},"content":{"rendered":"<section class=\"wpb-content-wrapper\"><p>[vc_row full_width=&#8220;stretch_row&#8220; css=&#8220;.vc_custom_1543802971808{margin-bottom: 80px !important;padding-top: 80px !important;padding-bottom: 14px !important;background-color: #ffffff !important;}&#8220;][vc_column width=&#8220;1\/4&#8243;]<span style=\"color:#ffffff\" class=\"subtitle dash-false style-light text-default\"><\/span>[vc_column_text]<\/p>\n<h2><span style=\"color: #993300;\">T\u00dcREN<\/span><\/h2>\n<p>[\/vc_column_text][vc_column_text]Zweischichtige Mehrschichtplatten f\u00fcr die Herstellung von T\u00fcren.<br \/>\nSie sind mit wiederhergestellten Brettern in erster Patina verkleidet.<\/p>\n<p>Der edle Teil wird aus verschiedenen Holzarten hergestellt: aus wiedergewonnenen Fu\u00dfb\u00f6den, Bauernhofbrettern und sonnenverbrannten Brettern.<\/p>\n<p>Holzarten: Fichte, Kiefer und L\u00e4rche<\/p>\n<p>&nbsp;<\/p>\n<ul>\n<li>L\u00e4nge: 222 cm<\/li>\n<li>Breite: 84 cm<\/li>\n<li>Dicke: 4,5 cm<\/li>\n<\/ul>\n<p>[\/vc_column_text][\/vc_column][vc_column width=&#8220;3\/4&#8243;][vc_media_grid grid_id=&#8220;vc_gid:1689081904051-405c23fd-ff42-8&#8243; include=&#8220;16117,16109,16533,16997,17005,17013&#8243;][\/vc_column][\/vc_row][vc_row][vc_column][vc_widget_sidebar sidebar_id=&#8220;sidebar&#8220;][\/vc_column][\/vc_row]<\/p>\n<\/section>","protected":false},"excerpt":{"rendered":"<p>[vc_row full_width=&#8220;stretch_row&#8220; css=&#8220;.vc_custom_1543802971808{margin-bottom: 80px !important;padding-top: 80px !important;padding-bottom: 14px !important;background-color: #ffffff !important;}&#8220;][vc_column width=&#8220;1\/4&#8243;][vc_column_text] T\u00dcREN [\/vc_column_text][vc_column_text]Zweischichtige Mehrschichtplatten f\u00fcr die Herstellung von T\u00fcren. Sie sind mit wiederhergestellten Brettern in erster Patina verkleidet. Der edle Teil wird aus verschiedenen Holzarten hergestellt: aus wiedergewonnenen Fu\u00dfb\u00f6den, Bauernhofbrettern und sonnenverbrannten Brettern. Holzarten: Fichte, Kiefer und L\u00e4rche &nbsp; L\u00e4nge: 222 cm Breite: 84 [&hellip;]<\/p>\n","protected":false},"author":1,"featured_media":10877,"parent":18849,"menu_order":0,"comment_status":"closed","ping_status":"closed","template":"","meta":{"footnotes":""},"_links":{"self":[{"href":"https:\/\/skyway.ge.it\/de\/wp-json\/wp\/v2\/pages\/18985"}],"collection":[{"href":"https:\/\/skyway.ge.it\/de\/wp-json\/wp\/v2\/pages"}],"about":[{"href":"https:\/\/skyway.ge.it\/de\/wp-json\/wp\/v2\/types\/page"}],"author":[{"embeddable":true,"href":"https:\/\/skyway.ge.it\/de\/wp-json\/wp\/v2\/users\/1"}],"replies":[{"embeddable":true,"href":"https:\/\/skyway.ge.it\/de\/wp-json\/wp\/v2\/comments?post=18985"}],"version-history":[{"count":3,"href":"https:\/\/skyway.ge.it\/de\/wp-json\/wp\/v2\/pages\/18985\/revisions"}],"predecessor-version":[{"id":18997,"href":"https:\/\/skyway.ge.it\/de\/wp-json\/wp\/v2\/pages\/18985\/revisions\/18997"}],"up":[{"embeddable":true,"href":"https:\/\/skyway.ge.it\/de\/wp-json\/wp\/v2\/pages\/18849"}],"wp:featuredmedia":[{"embeddable":true,"href":"https:\/\/skyway.ge.it\/de\/wp-json\/wp\/v2\/media\/10877"}],"wp:attachment":[{"href":"https:\/\/skyway.ge.it\/de\/wp-json\/wp\/v2\/media?parent=18985"}],"curies":[{"name":"wp","href":"https:\/\/api.w.org\/{rel}","templated":true}]}}