{"id":18969,"date":"2018-12-13T14:27:47","date_gmt":"2018-12-13T13:27:47","guid":{"rendered":"https:\/\/skyway.ge.it\/antikes-holz\/paneele\/"},"modified":"2023-07-11T17:31:43","modified_gmt":"2023-07-11T15:31:43","slug":"paneele","status":"publish","type":"page","link":"https:\/\/skyway.ge.it\/de\/antikes-holz\/paneele\/","title":{"rendered":"Paneele"},"content":{"rendered":"<section class=\"wpb-content-wrapper\"><p>[vc_row full_width=&#8220;stretch_row&#8220; css=&#8220;.vc_custom_1543802971808{margin-bottom: 80px !important;padding-top: 80px !important;padding-bottom: 14px !important;background-color: #ffffff !important;}&#8220;][vc_column width=&#8220;1\/4&#8243;]<span style=\"color:#ffffff\" class=\"subtitle dash-false style-light text-default\"><\/span>[vc_column_text]<\/p>\n<h2><span style=\"color: #993300;\">PANEELE<\/span><\/h2>\n<p>[\/vc_column_text][vc_column_text]Dreischichtige Paneele mit dem sichtbaren, edlen Teil aus wiedergewonnenen Brettern in erster Patina.<\/p>\n<p>Der edle Teil wird aus verschiedenen Holzarten hergestellt: aus wiedergewonnenen Fu\u00dfb\u00f6den, Bauernhofbrettern und sonnenverbrannten Brettern.<\/p>\n<p>Die Paneele k\u00f6nnen ein- oder doppelseitig sein.<\/p>\n<p>Nat\u00fcrliche Farben: hellbraun, dunkelbraun, grau.<\/p>\n<p>Holzarten: Fichte, Kiefer und L\u00e4rche<\/p>\n<ul>\n<li>L\u00e4ngen: von 190 bis 400 cm<\/li>\n<li>Breiten: 120\/122 cm<\/li>\n<li>Dicke: 2 cm<\/li>\n<\/ul>\n<p>[\/vc_column_text][vc_empty_space height=&#8220;162px&#8220;][vc_single_image image=&#8220;15621&#8243; alignment=&#8220;center&#8220; css_animation=&#8220;appear&#8220;][\/vc_column][vc_column width=&#8220;3\/4&#8243;][vc_column_text]<\/p>\n<div class=\"\">\n<div class=\"\">\n<h3><span class=\"\" style=\"font-family: Arial; font-size: medium; color: #dd9933;\"><span class=\"\">Fichtenholz Paneele <\/span><\/span><\/h3>\n<\/div>\n<\/div>\n<p>[\/vc_column_text][vc_media_grid grid_id=&#8220;vc_gid:1689077263701-2b3b6906-345a-0&#8243; include=&#8220;15981,15989,16525&#8243;][vc_column_text]<\/p>\n<div class=\"\">\n<div class=\"\">\n<h3><span class=\"\" style=\"font-family: Arial; font-size: medium; color: #dd9933;\"><span class=\"\">Sonnenverbrannte Paneele <\/span><\/span><\/h3>\n<\/div>\n<\/div>\n<p>[\/vc_column_text][vc_media_grid grid_id=&#8220;vc_gid:1689077263702-3d3eaf7b-8968-0&#8243; include=&#8220;15997,16005,16021,17133,17145,17157&#8243;][vc_column_text]<\/p>\n<div class=\"\">\n<div class=\"\">\n<h3><span class=\"\" style=\"font-family: Arial; font-size: medium; color: #dd9933;\"><span class=\"\">L\u00e4rchenholz Paneele <\/span><\/span><\/h3>\n<\/div>\n<\/div>\n<p>[\/vc_column_text][vc_media_grid grid_id=&#8220;vc_gid:1689077263702-e1c2ebc3-6e56-5&#8243; include=&#8220;16029,16197,16517&#8243;][\/vc_column][\/vc_row][vc_row][vc_column][vc_widget_sidebar sidebar_id=&#8220;sidebar&#8220;][\/vc_column][\/vc_row]<\/p>\n<\/section>","protected":false},"excerpt":{"rendered":"<p>[vc_row full_width=&#8220;stretch_row&#8220; css=&#8220;.vc_custom_1543802971808{margin-bottom: 80px !important;padding-top: 80px !important;padding-bottom: 14px !important;background-color: #ffffff !important;}&#8220;][vc_column width=&#8220;1\/4&#8243;][vc_column_text] PANEELE [\/vc_column_text][vc_column_text]Dreischichtige Paneele mit dem sichtbaren, edlen Teil aus wiedergewonnenen Brettern in erster Patina. Der edle Teil wird aus verschiedenen Holzarten hergestellt: aus wiedergewonnenen Fu\u00dfb\u00f6den, Bauernhofbrettern und sonnenverbrannten Brettern. Die Paneele k\u00f6nnen ein- oder doppelseitig sein. Nat\u00fcrliche Farben: hellbraun, dunkelbraun, grau. Holzarten: Fichte, [&hellip;]<\/p>\n","protected":false},"author":1,"featured_media":10877,"parent":18849,"menu_order":0,"comment_status":"closed","ping_status":"closed","template":"","meta":{"footnotes":""},"_links":{"self":[{"href":"https:\/\/skyway.ge.it\/de\/wp-json\/wp\/v2\/pages\/18969"}],"collection":[{"href":"https:\/\/skyway.ge.it\/de\/wp-json\/wp\/v2\/pages"}],"about":[{"href":"https:\/\/skyway.ge.it\/de\/wp-json\/wp\/v2\/types\/page"}],"author":[{"embeddable":true,"href":"https:\/\/skyway.ge.it\/de\/wp-json\/wp\/v2\/users\/1"}],"replies":[{"embeddable":true,"href":"https:\/\/skyway.ge.it\/de\/wp-json\/wp\/v2\/comments?post=18969"}],"version-history":[{"count":3,"href":"https:\/\/skyway.ge.it\/de\/wp-json\/wp\/v2\/pages\/18969\/revisions"}],"predecessor-version":[{"id":18981,"href":"https:\/\/skyway.ge.it\/de\/wp-json\/wp\/v2\/pages\/18969\/revisions\/18981"}],"up":[{"embeddable":true,"href":"https:\/\/skyway.ge.it\/de\/wp-json\/wp\/v2\/pages\/18849"}],"wp:featuredmedia":[{"embeddable":true,"href":"https:\/\/skyway.ge.it\/de\/wp-json\/wp\/v2\/media\/10877"}],"wp:attachment":[{"href":"https:\/\/skyway.ge.it\/de\/wp-json\/wp\/v2\/media?parent=18969"}],"curies":[{"name":"wp","href":"https:\/\/api.w.org\/{rel}","templated":true}]}}