{"id":18953,"date":"2018-12-13T14:18:21","date_gmt":"2018-12-13T13:18:21","guid":{"rendered":"https:\/\/skyway.ge.it\/antikes-holz\/parquet\/"},"modified":"2023-07-11T17:29:39","modified_gmt":"2023-07-11T15:29:39","slug":"parquet","status":"publish","type":"page","link":"https:\/\/skyway.ge.it\/de\/antikes-holz\/parquet\/","title":{"rendered":"Parquet"},"content":{"rendered":"<section class=\"wpb-content-wrapper\"><p>[vc_row full_width=&#8220;stretch_row&#8220; css=&#8220;.vc_custom_1543802971808{margin-bottom: 80px !important;padding-top: 80px !important;padding-bottom: 14px !important;background-color: #ffffff !important;}&#8220;][vc_column width=&#8220;1\/4&#8243;]<span style=\"color:#ffffff\" class=\"subtitle dash-false style-light text-default\"><\/span>[vc_column_text]<\/p>\n<h2><span style=\"color: #993300;\"><strong>PARQUET<\/strong><\/span><\/h2>\n<p>[\/vc_column_text][vc_column_text]Vorgefertigte dreischichtige Dielen, wobei der sichtbare, edle Teil aus wiedergewonnenen Brettern mit erster Patina besteht.<\/p>\n<p>Der edle Teil wird aus verschiedenen Holzarten hergestellt: aus wiedergewonnenen Fu\u00dfb\u00f6den, Bauernhofbrettern und sonnenverbrannten Brettern.<\/p>\n<p>Holzarten: Fichte, Kiefer, L\u00e4rche und Eiche<\/p>\n<ul>\n<li>L\u00e4ngen: von 100 bis 350 cm<\/li>\n<li>Breiten: 13 bis 20 cm<\/li>\n<li>Dicken: 1,5\/1,9\/2,1 mm<\/li>\n<li>Nut und Feder<\/li>\n<\/ul>\n<p>Die Bretter k\u00f6nnen mit verschiedenen Oberfl\u00e4chenbehandlungen geliefert werden: nat\u00fcrlich geb\u00fcrstet, ge\u00f6lt oder wasserlackiert.[\/vc_column_text][vc_empty_space height=&#8220;62px&#8220;][vc_single_image image=&#8220;15621&#8243; alignment=&#8220;center&#8220; css_animation=&#8220;appear&#8220; css=&#8220;.vc_custom_1544013021320{padding-top: 40px !important;}&#8220;][\/vc_column][vc_column width=&#8220;3\/4&#8243;][vc_column_text]<\/p>\n<h3><span style=\"color: #dd9933;\">Fichte Parquet <\/span><\/h3>\n<p>[\/vc_column_text][vc_media_grid grid_id=&#8220;vc_gid:1689081832734-57c22920-dafd-10&#8243; include=&#8220;16045,17225,17209&#8243;][vc_column_text]<\/p>\n<h3><span style=\"color: #dd9933;\">L\u00e4rche Parquet <\/span><\/h3>\n<p>[\/vc_column_text][vc_media_grid grid_id=&#8220;vc_gid:1689081832734-b6318aa2-c557-10&#8243; include=&#8220;16069,16077,16781&#8243;][vc_column_text]<\/p>\n<h3><span style=\"color: #dd9933;\">Sonnenverbrannte Bretter Parquet<\/span><\/h3>\n<p>[\/vc_column_text][vc_media_grid grid_id=&#8220;vc_gid:1689081832734-165bf4f8-0ead-3&#8243; include=&#8220;16093,16085,16549&#8243;][vc_column_text]<\/p>\n<h3><span style=\"color: #dd9933;\">Eiche Parquet <\/span><\/h3>\n<p>[\/vc_column_text][vc_media_grid grid_id=&#8220;vc_gid:1689081832735-8f4d0d13-bf61-4&#8243; include=&#8220;16733,16941,16717,16949,16957,16965,16973,16981,16989&#8243;][\/vc_column][\/vc_row][vc_row][vc_column][vc_widget_sidebar sidebar_id=&#8220;sidebar&#8220;][\/vc_column][\/vc_row]<\/p>\n<\/section>","protected":false},"excerpt":{"rendered":"<p>[vc_row full_width=&#8220;stretch_row&#8220; css=&#8220;.vc_custom_1543802971808{margin-bottom: 80px !important;padding-top: 80px !important;padding-bottom: 14px !important;background-color: #ffffff !important;}&#8220;][vc_column width=&#8220;1\/4&#8243;][vc_column_text] PARQUET [\/vc_column_text][vc_column_text]Vorgefertigte dreischichtige Dielen, wobei der sichtbare, edle Teil aus wiedergewonnenen Brettern mit erster Patina besteht. Der edle Teil wird aus verschiedenen Holzarten hergestellt: aus wiedergewonnenen Fu\u00dfb\u00f6den, Bauernhofbrettern und sonnenverbrannten Brettern. Holzarten: Fichte, Kiefer, L\u00e4rche und Eiche L\u00e4ngen: von 100 bis 350 cm [&hellip;]<\/p>\n","protected":false},"author":1,"featured_media":10877,"parent":18849,"menu_order":0,"comment_status":"closed","ping_status":"closed","template":"","meta":{"footnotes":""},"_links":{"self":[{"href":"https:\/\/skyway.ge.it\/de\/wp-json\/wp\/v2\/pages\/18953"}],"collection":[{"href":"https:\/\/skyway.ge.it\/de\/wp-json\/wp\/v2\/pages"}],"about":[{"href":"https:\/\/skyway.ge.it\/de\/wp-json\/wp\/v2\/types\/page"}],"author":[{"embeddable":true,"href":"https:\/\/skyway.ge.it\/de\/wp-json\/wp\/v2\/users\/1"}],"replies":[{"embeddable":true,"href":"https:\/\/skyway.ge.it\/de\/wp-json\/wp\/v2\/comments?post=18953"}],"version-history":[{"count":3,"href":"https:\/\/skyway.ge.it\/de\/wp-json\/wp\/v2\/pages\/18953\/revisions"}],"predecessor-version":[{"id":18965,"href":"https:\/\/skyway.ge.it\/de\/wp-json\/wp\/v2\/pages\/18953\/revisions\/18965"}],"up":[{"embeddable":true,"href":"https:\/\/skyway.ge.it\/de\/wp-json\/wp\/v2\/pages\/18849"}],"wp:featuredmedia":[{"embeddable":true,"href":"https:\/\/skyway.ge.it\/de\/wp-json\/wp\/v2\/media\/10877"}],"wp:attachment":[{"href":"https:\/\/skyway.ge.it\/de\/wp-json\/wp\/v2\/media?parent=18953"}],"curies":[{"name":"wp","href":"https:\/\/api.w.org\/{rel}","templated":true}]}}