{"id":18937,"date":"2018-12-13T14:01:39","date_gmt":"2018-12-13T13:01:39","guid":{"rendered":"https:\/\/skyway.ge.it\/antikes-holz\/balken-scheiben\/"},"modified":"2024-01-03T18:55:30","modified_gmt":"2024-01-03T17:55:30","slug":"balken-scheiben","status":"publish","type":"page","link":"https:\/\/skyway.ge.it\/de\/antikes-holz\/balken-scheiben\/","title":{"rendered":"Balken-Scheiben"},"content":{"rendered":"<section class=\"wpb-content-wrapper\"><p>[vc_row full_width=&#8220;stretch_row&#8220; css=&#8220;.vc_custom_1543802971808{margin-bottom: 80px !important;padding-top: 80px !important;padding-bottom: 14px !important;background-color: #ffffff !important;}&#8220;][vc_column width=&#8220;1\/4&#8243;]<span style=\"color:#ffffff\" class=\"subtitle dash-false style-light text-default\"><\/span>[vc_column_text]<\/p>\n<h2><span style=\"color: #993300;\">BALKEN-SCHEIBEN<\/span><\/h2>\n<p>[\/vc_column_text][vc_column_text]Bretter, die durch S\u00e4gen der Ausenseiten alter Balken hergestellt werden, die von Hand mit einer Axt geschnitten wurden.<\/p>\n<p>Sie haben eine besonders verwitterte Oberfl\u00e4che mit Rissen und Facetten.<\/p>\n<p>Sie k\u00f6nnen f\u00fcr die Verkleidung von W\u00e4nden und Decken verwendet werden.<\/p>\n<p>Holzarten: Fichte, Kiefer, L\u00e4rche und Eiche<\/p>\n<ul>\n<li>L\u00e4ngen: 150 bis 500 cm<\/li>\n<li>Breiten: 14 bis 35 cm<\/li>\n<li>Dicke: 4 cm<\/li>\n<\/ul>\n<p>Wir liefern die Bretter normalerweise gewaschen, getrocknet und geb\u00fcrstet. Auf Wunsch k\u00f6nnen sie auch gekantet werden.[\/vc_column_text][\/vc_column][vc_column width=&#8220;3\/4&#8243;][vc_media_grid grid_id=&#8220;vc_gid:1704295244078-f459eff4-e893-1&#8243; include=&#8220;15973,16901,15957,15949,15941,15933,16925,16917,16909&#8243;][\/vc_column][\/vc_row][vc_row][vc_column][vc_widget_sidebar sidebar_id=&#8220;sidebar&#8220;][\/vc_column][\/vc_row]<\/p>\n<\/section>","protected":false},"excerpt":{"rendered":"<p>[vc_row full_width=&#8220;stretch_row&#8220; css=&#8220;.vc_custom_1543802971808{margin-bottom: 80px !important;padding-top: 80px !important;padding-bottom: 14px !important;background-color: #ffffff !important;}&#8220;][vc_column width=&#8220;1\/4&#8243;][vc_column_text] BALKEN-SCHEIBEN [\/vc_column_text][vc_column_text]Bretter, die durch S\u00e4gen der Ausenseiten alter Balken hergestellt werden, die von Hand mit einer Axt geschnitten wurden. Sie haben eine besonders verwitterte Oberfl\u00e4che mit Rissen und Facetten. Sie k\u00f6nnen f\u00fcr die Verkleidung von W\u00e4nden und Decken verwendet werden. Holzarten: Fichte, Kiefer, [&hellip;]<\/p>\n","protected":false},"author":1,"featured_media":10877,"parent":18849,"menu_order":0,"comment_status":"closed","ping_status":"closed","template":"","meta":{"footnotes":""},"_links":{"self":[{"href":"https:\/\/skyway.ge.it\/de\/wp-json\/wp\/v2\/pages\/18937"}],"collection":[{"href":"https:\/\/skyway.ge.it\/de\/wp-json\/wp\/v2\/pages"}],"about":[{"href":"https:\/\/skyway.ge.it\/de\/wp-json\/wp\/v2\/types\/page"}],"author":[{"embeddable":true,"href":"https:\/\/skyway.ge.it\/de\/wp-json\/wp\/v2\/users\/1"}],"replies":[{"embeddable":true,"href":"https:\/\/skyway.ge.it\/de\/wp-json\/wp\/v2\/comments?post=18937"}],"version-history":[{"count":6,"href":"https:\/\/skyway.ge.it\/de\/wp-json\/wp\/v2\/pages\/18937\/revisions"}],"predecessor-version":[{"id":20073,"href":"https:\/\/skyway.ge.it\/de\/wp-json\/wp\/v2\/pages\/18937\/revisions\/20073"}],"up":[{"embeddable":true,"href":"https:\/\/skyway.ge.it\/de\/wp-json\/wp\/v2\/pages\/18849"}],"wp:featuredmedia":[{"embeddable":true,"href":"https:\/\/skyway.ge.it\/de\/wp-json\/wp\/v2\/media\/10877"}],"wp:attachment":[{"href":"https:\/\/skyway.ge.it\/de\/wp-json\/wp\/v2\/media?parent=18937"}],"curies":[{"name":"wp","href":"https:\/\/api.w.org\/{rel}","templated":true}]}}