{"id":18921,"date":"2019-02-06T17:31:16","date_gmt":"2019-02-06T16:31:16","guid":{"rendered":"https:\/\/skyway.ge.it\/antikes-holz\/bauernhofbretter\/"},"modified":"2024-01-09T17:51:26","modified_gmt":"2024-01-09T16:51:26","slug":"bauernhofbretter","status":"publish","type":"page","link":"https:\/\/skyway.ge.it\/de\/antikes-holz\/bauernhofbretter\/","title":{"rendered":"BAUERNHOFBRETTER"},"content":{"rendered":"<section class=\"wpb-content-wrapper\"><p>[vc_row full_width=&#8220;stretch_row&#8220; css=&#8220;.vc_custom_1543802971808{margin-bottom: 80px !important;padding-top: 80px !important;padding-bottom: 14px !important;background-color: #ffffff !important;}&#8220;][vc_column width=&#8220;1\/4&#8243;]<span style=\"color:#ffffff\" class=\"subtitle dash-false style-light text-default\"><\/span>[vc_column_text]<\/p>\n<h2><span style=\"color: #993300;\">BAUERNHOF BRETTER<\/span><\/h2>\n<p>[\/vc_column_text][vc_column_text]Bretter, die aus den W\u00e4nden alter Bauernh\u00e4user und Scheunen wiedergewonnen wurden.<\/p>\n<p>Holzarten: Fichte<\/p>\n<ul>\n<li>L\u00e4ngen: 190 bis 500 cm<\/li>\n<li>L\u00e4ngen: 18 bis 25 cm<\/li>\n<li>Dicken: 18 bis 25 cm<\/li>\n<\/ul>\n<p>&nbsp;<\/p>\n<p>Sie werden geb\u00fcrstet geliefert. Fu\u00dfb\u00f6den, Stufen, Wand- und Deckenverkleidungen, M\u00f6bel[\/vc_column_text][\/vc_column][vc_column width=&#8220;3\/4&#8243;][vc_media_grid grid_id=&#8220;vc_gid:1689161009985-eba95060-ecfe-2&#8243; include=&#8220;15925,15917,15909,15901,16493,16501&#8243;][\/vc_column][\/vc_row][vc_row][vc_column][vc_widget_sidebar sidebar_id=&#8220;sidebar&#8220;][\/vc_column][\/vc_row]<\/p>\n<\/section>","protected":false},"excerpt":{"rendered":"<p>[vc_row full_width=&#8220;stretch_row&#8220; css=&#8220;.vc_custom_1543802971808{margin-bottom: 80px !important;padding-top: 80px !important;padding-bottom: 14px !important;background-color: #ffffff !important;}&#8220;][vc_column width=&#8220;1\/4&#8243;][vc_column_text] BAUERNHOF BRETTER [\/vc_column_text][vc_column_text]Bretter, die aus den W\u00e4nden alter Bauernh\u00e4user und Scheunen wiedergewonnen wurden. Holzarten: Fichte L\u00e4ngen: 190 bis 500 cm L\u00e4ngen: 18 bis 25 cm Dicken: 18 bis 25 cm &nbsp; Sie werden geb\u00fcrstet geliefert. Fu\u00dfb\u00f6den, Stufen, Wand- und Deckenverkleidungen, M\u00f6bel[\/vc_column_text][\/vc_column][vc_column width=&#8220;3\/4&#8243;][vc_media_grid grid_id=&#8220;vc_gid:1689161009985-eba95060-ecfe-2&#8243; [&hellip;]<\/p>\n","protected":false},"author":1,"featured_media":10877,"parent":18849,"menu_order":0,"comment_status":"closed","ping_status":"closed","template":"","meta":{"footnotes":""},"_links":{"self":[{"href":"https:\/\/skyway.ge.it\/de\/wp-json\/wp\/v2\/pages\/18921"}],"collection":[{"href":"https:\/\/skyway.ge.it\/de\/wp-json\/wp\/v2\/pages"}],"about":[{"href":"https:\/\/skyway.ge.it\/de\/wp-json\/wp\/v2\/types\/page"}],"author":[{"embeddable":true,"href":"https:\/\/skyway.ge.it\/de\/wp-json\/wp\/v2\/users\/1"}],"replies":[{"embeddable":true,"href":"https:\/\/skyway.ge.it\/de\/wp-json\/wp\/v2\/comments?post=18921"}],"version-history":[{"count":21,"href":"https:\/\/skyway.ge.it\/de\/wp-json\/wp\/v2\/pages\/18921\/revisions"}],"predecessor-version":[{"id":20121,"href":"https:\/\/skyway.ge.it\/de\/wp-json\/wp\/v2\/pages\/18921\/revisions\/20121"}],"up":[{"embeddable":true,"href":"https:\/\/skyway.ge.it\/de\/wp-json\/wp\/v2\/pages\/18849"}],"wp:featuredmedia":[{"embeddable":true,"href":"https:\/\/skyway.ge.it\/de\/wp-json\/wp\/v2\/media\/10877"}],"wp:attachment":[{"href":"https:\/\/skyway.ge.it\/de\/wp-json\/wp\/v2\/media?parent=18921"}],"curies":[{"name":"wp","href":"https:\/\/api.w.org\/{rel}","templated":true}]}}