{"id":18905,"date":"2018-12-13T13:27:10","date_gmt":"2018-12-13T12:27:10","guid":{"rendered":"https:\/\/skyway.ge.it\/antikes-holz\/sonnenverbrannte-bretter\/"},"modified":"2023-08-01T18:03:35","modified_gmt":"2023-08-01T16:03:35","slug":"sonnenverbrannte-bretter","status":"publish","type":"page","link":"https:\/\/skyway.ge.it\/de\/antikes-holz\/sonnenverbrannte-bretter\/","title":{"rendered":"SONNENVERBRANNTE BRETTER"},"content":{"rendered":"<section class=\"wpb-content-wrapper\"><p>[vc_row full_width=&#8220;stretch_row&#8220; css=&#8220;.vc_custom_1543802971808{margin-bottom: 80px !important;padding-top: 80px !important;padding-bottom: 14px !important;background-color: #ffffff !important;}&#8220;][vc_column width=&#8220;1\/4&#8243;]<span style=\"color:#ffffff\" class=\"subtitle dash-false style-light text-default\"><\/span>[vc_column_text]<\/p>\n<h3><span style=\"color: #993300;\">SONNENVERBRANNTE BRETTER<\/span><\/h3>\n<p>[\/vc_column_text][vc_column_text]Bretter, die aus den W\u00e4nden alter Bauernh\u00e4user und Scheunen wiedergewonnen wurden.<\/p>\n<p>Sie k\u00f6nnen f\u00fcr die Verkleidung von W\u00e4nden und Decken verwendet werden.<\/p>\n<p>Holzarten: Fichte, Kiefer und L\u00e4rche<\/p>\n<p>Nat\u00fcrliche Farben: hellbraun, dunkelbraun und grau<\/p>\n<ul>\n<li>L\u00e4ngen: 150 bis 450 cm<\/li>\n<li>Breiten: 12 bis 30 cm<\/li>\n<li>Dicken: 2 bis 3 cm<\/li>\n<\/ul>\n<p>&nbsp;<\/p>\n<p>Wir liefern die Bretter normalerweise mit einer festen Dicke von 2 cm, kantig, geb\u00fcrstet und mit Doppelnut.<\/p>\n<p>[\/vc_column_text][vc_empty_space height=&#8220;162px&#8220;][\/vc_column][vc_column width=&#8220;3\/4&#8243;][vc_media_grid grid_id=&#8220;vc_gid:1690902553488-b995e66c-9e83-10&#8243; include=&#8220;15893,15885,15877,15869,15861,15853,15845,15833,16485&#8243;][\/vc_column][\/vc_row][vc_row][vc_column][vc_widget_sidebar sidebar_id=&#8220;sidebar&#8220;][\/vc_column][\/vc_row]<\/p>\n<\/section>","protected":false},"excerpt":{"rendered":"<p>[vc_row full_width=&#8220;stretch_row&#8220; css=&#8220;.vc_custom_1543802971808{margin-bottom: 80px !important;padding-top: 80px !important;padding-bottom: 14px !important;background-color: #ffffff !important;}&#8220;][vc_column width=&#8220;1\/4&#8243;][vc_column_text] SONNENVERBRANNTE BRETTER [\/vc_column_text][vc_column_text]Bretter, die aus den W\u00e4nden alter Bauernh\u00e4user und Scheunen wiedergewonnen wurden. Sie k\u00f6nnen f\u00fcr die Verkleidung von W\u00e4nden und Decken verwendet werden. Holzarten: Fichte, Kiefer und L\u00e4rche Nat\u00fcrliche Farben: hellbraun, dunkelbraun und grau L\u00e4ngen: 150 bis 450 cm Breiten: 12 bis [&hellip;]<\/p>\n","protected":false},"author":1,"featured_media":10877,"parent":18849,"menu_order":0,"comment_status":"closed","ping_status":"closed","template":"","meta":{"footnotes":""},"_links":{"self":[{"href":"https:\/\/skyway.ge.it\/de\/wp-json\/wp\/v2\/pages\/18905"}],"collection":[{"href":"https:\/\/skyway.ge.it\/de\/wp-json\/wp\/v2\/pages"}],"about":[{"href":"https:\/\/skyway.ge.it\/de\/wp-json\/wp\/v2\/types\/page"}],"author":[{"embeddable":true,"href":"https:\/\/skyway.ge.it\/de\/wp-json\/wp\/v2\/users\/1"}],"replies":[{"embeddable":true,"href":"https:\/\/skyway.ge.it\/de\/wp-json\/wp\/v2\/comments?post=18905"}],"version-history":[{"count":14,"href":"https:\/\/skyway.ge.it\/de\/wp-json\/wp\/v2\/pages\/18905\/revisions"}],"predecessor-version":[{"id":19789,"href":"https:\/\/skyway.ge.it\/de\/wp-json\/wp\/v2\/pages\/18905\/revisions\/19789"}],"up":[{"embeddable":true,"href":"https:\/\/skyway.ge.it\/de\/wp-json\/wp\/v2\/pages\/18849"}],"wp:featuredmedia":[{"embeddable":true,"href":"https:\/\/skyway.ge.it\/de\/wp-json\/wp\/v2\/media\/10877"}],"wp:attachment":[{"href":"https:\/\/skyway.ge.it\/de\/wp-json\/wp\/v2\/media?parent=18905"}],"curies":[{"name":"wp","href":"https:\/\/api.w.org\/{rel}","templated":true}]}}