{"id":18889,"date":"2018-12-05T12:56:22","date_gmt":"2018-12-05T11:56:22","guid":{"rendered":"https:\/\/skyway.ge.it\/antikes-holz\/balken-und-blockhouse\/"},"modified":"2023-07-11T17:21:40","modified_gmt":"2023-07-11T15:21:40","slug":"balken-und-blockhouse","status":"publish","type":"page","link":"https:\/\/skyway.ge.it\/de\/antikes-holz\/balken-und-blockhouse\/","title":{"rendered":"Balken und Blockhouse"},"content":{"rendered":"<section class=\"wpb-content-wrapper\"><p>[vc_row full_width=&#8220;stretch_row&#8220; css=&#8220;.vc_custom_1543802971808{margin-bottom: 80px !important;padding-top: 80px !important;padding-bottom: 14px !important;background-color: #ffffff !important;}&#8220;][vc_column width=&#8220;1\/4&#8243;]<span style=\"color:#ffffff\" class=\"subtitle dash-false style-light text-default\"><\/span>[vc_column_text]<\/p>\n<h2><span style=\"color: #993300;\">BALKEN UND BLOCKHOUSE<\/span><\/h2>\n<p>[\/vc_column_text][vc_column_text]Massivholzbalken, die von Hand mit der Axt geschlagen und aus den Strukturen und W\u00e4nden alter Bauernh\u00e4user und Scheunen wiedergewonnen wurden.<\/p>\n<p>Holzarten: Fichte, Kiefer, L\u00e4rche und Eiche<\/p>\n<ul>\n<li>L\u00e4ngen: von 180 bis 900 cm<\/li>\n<li>Abschnitte: 15 x 15 bis 30 x 30 cm<\/li>\n<\/ul>\n<p>[\/vc_column_text][vc_empty_space height=&#8220;62px&#8220;][vc_single_image image=&#8220;15621&#8243; alignment=&#8220;center&#8220; css_animation=&#8220;appear&#8220; css=&#8220;.vc_custom_1544013021320{padding-top: 40px !important;}&#8220;][\/vc_column][vc_column width=&#8220;3\/4&#8243;][vc_column_text]<\/p>\n<h3><span style=\"color: #dd9933;\">Balken aus Fichte und L\u00e4rche<\/span><\/h3>\n<p>[\/vc_column_text][vc_media_grid grid_id=&#8220;vc_gid:1689081494238-83012a75-7ffb-4&#8243; include=&#8220;15797,16469,15781,15773,15765,17313&#8243;][vc_column_text]<\/p>\n<h3><span style=\"color: #dd9933;\">Fichte und L\u00e4rche BlockHouse<\/span><\/h3>\n<p>[\/vc_column_text][vc_media_grid grid_id=&#8220;vc_gid:1689081494238-1c9dfd12-02b2-5&#8243; include=&#8220;15825,15817,15809&#8243;][vc_column_text]<\/p>\n<h3><span style=\"color: #dd9933;\">Eiche BlockHouse<\/span><\/h3>\n<p>[\/vc_column_text][vc_media_grid grid_id=&#8220;vc_gid:1689081494238-e835b071-9f86-8&#8243; include=&#8220;16709,16701,16693,16685,16861,16773,16869,16877,16885&#8243;][\/vc_column][\/vc_row][vc_row][vc_column][vc_widget_sidebar sidebar_id=&#8220;sidebar&#8220;][\/vc_column][\/vc_row]<\/p>\n<\/section>","protected":false},"excerpt":{"rendered":"<p>[vc_row full_width=&#8220;stretch_row&#8220; css=&#8220;.vc_custom_1543802971808{margin-bottom: 80px !important;padding-top: 80px !important;padding-bottom: 14px !important;background-color: #ffffff !important;}&#8220;][vc_column width=&#8220;1\/4&#8243;][vc_column_text] BALKEN UND BLOCKHOUSE [\/vc_column_text][vc_column_text]Massivholzbalken, die von Hand mit der Axt geschlagen und aus den Strukturen und W\u00e4nden alter Bauernh\u00e4user und Scheunen wiedergewonnen wurden. Holzarten: Fichte, Kiefer, L\u00e4rche und Eiche L\u00e4ngen: von 180 bis 900 cm Abschnitte: 15 x 15 bis 30 x 30 [&hellip;]<\/p>\n","protected":false},"author":1,"featured_media":10877,"parent":18849,"menu_order":0,"comment_status":"closed","ping_status":"closed","template":"","meta":{"footnotes":""},"_links":{"self":[{"href":"https:\/\/skyway.ge.it\/de\/wp-json\/wp\/v2\/pages\/18889"}],"collection":[{"href":"https:\/\/skyway.ge.it\/de\/wp-json\/wp\/v2\/pages"}],"about":[{"href":"https:\/\/skyway.ge.it\/de\/wp-json\/wp\/v2\/types\/page"}],"author":[{"embeddable":true,"href":"https:\/\/skyway.ge.it\/de\/wp-json\/wp\/v2\/users\/1"}],"replies":[{"embeddable":true,"href":"https:\/\/skyway.ge.it\/de\/wp-json\/wp\/v2\/comments?post=18889"}],"version-history":[{"count":3,"href":"https:\/\/skyway.ge.it\/de\/wp-json\/wp\/v2\/pages\/18889\/revisions"}],"predecessor-version":[{"id":18901,"href":"https:\/\/skyway.ge.it\/de\/wp-json\/wp\/v2\/pages\/18889\/revisions\/18901"}],"up":[{"embeddable":true,"href":"https:\/\/skyway.ge.it\/de\/wp-json\/wp\/v2\/pages\/18849"}],"wp:featuredmedia":[{"embeddable":true,"href":"https:\/\/skyway.ge.it\/de\/wp-json\/wp\/v2\/media\/10877"}],"wp:attachment":[{"href":"https:\/\/skyway.ge.it\/de\/wp-json\/wp\/v2\/media?parent=18889"}],"curies":[{"name":"wp","href":"https:\/\/api.w.org\/{rel}","templated":true}]}}