{"id":18849,"date":"2018-12-02T22:33:38","date_gmt":"2018-12-02T21:33:38","guid":{"rendered":"https:\/\/skyway.ge.it\/antikes-holz\/"},"modified":"2023-08-01T18:02:24","modified_gmt":"2023-08-01T16:02:24","slug":"antikes-holz","status":"publish","type":"page","link":"https:\/\/skyway.ge.it\/de\/antikes-holz\/","title":{"rendered":"Antikes Holz"},"content":{"rendered":"<section class=\"wpb-content-wrapper\"><p>[vc_row full_width=&#8220;stretch_row&#8220; css=&#8220;.vc_custom_1543788324220{padding-bottom: 50px !important;background: #f5f5f5 url(https:\/\/themicart.com\/interico-wpb\/wp-content\/uploads\/2018\/04\/vertical-lines-3.png?id=10096) !important;background-position: 0 0 !important;background-repeat: repeat !important;}&#8220; el_class=&#8220;spaced-top&#8220;][vc_column width=&#8220;2\/3&#8243;][vc_column_text]<\/p>\n<h2 style=\"text-align: left;\"><span style=\"color: #993300;\">WARUM SOLLTE MAN SICH F\u00dcR ANTIKES HOLZ ENTSCHEIDEN?<\/span><\/h2>\n<p>[\/vc_column_text]<div class=\"dash style-dark centered\"><\/div>[vc_column_text]<\/p>\n<h4 style=\"text-align: left;\"><span style=\"color: #993300;\">\u2022 Antikes Holz ist ein lebendiges Material, das sich im Laufe der Zeit anpasst, aber auch alte Erinnerungen bewahrt!<\/span><\/h4>\n<h4 style=\"text-align: left;\"><span style=\"color: #993300;\">\u2022 Zur\u00fcckgewonnenes Holz ist genauso dauerhaft und leistungsstark wie neues Holz!<\/span><\/h4>\n<h4 style=\"text-align: left;\"><span style=\"color: #993300;\">\u2022<\/span><span style=\"color: #993300;\">Die Wahl von Altholz tr\u00e4gt zum Schutz und zur Erhaltung unserer W\u00e4lder bei!<\/span><\/h4>\n<h4 style=\"text-align: left;\"><span style=\"color: #993300;\">\u2022 Sorgt f\u00fcr Gleichgewicht und Wohlbefinden und schafft harmonische und faszinierende Lebensr\u00e4ume.<\/span><\/h4>\n<p>[\/vc_column_text][\/vc_column][vc_column width=&#8220;1\/3&#8243;][vc_single_image image=&#8220;15605&#8243;][\/vc_column][\/vc_row][vc_row full_width=&#8220;stretch_row&#8220; css_animation=&#8220;appear&#8220; css=&#8220;.vc_custom_1543431770787{background: #204b56 url(https:\/\/themicart.com\/interico-wpb\/wp-content\/uploads\/2018\/04\/vertical-lines-dark.png?id=9781) !important;background-position: 0 0 !important;background-repeat: repeat !important;}&#8220; el_class=&#8220;spaced&#8220;][vc_column]<span class=\"subtitle dash-false style-light text-center\">H\u00d6LZER AUS EINER EDELGESCHICHTE<\/span>[vc_column_text]<\/p>\n<h2 style=\"text-align: center;\"><span style=\"color: #ffffff;\">UNSERE MATERIALIEN<\/span><\/h2>\n<p>[\/vc_column_text]<div class=\"dash style-light centered\"><\/div>[vc_row_inner css=&#8220;.vc_custom_1534230795018{margin-top: 60px !important;}&#8220;][vc_column_inner width=&#8220;1\/3&#8243;]<div class=\"team-member light\"><div class=\"content-box\"><div class=\"image-container\"><div class=\"member-details\"><hr><span class=\"member-info\">Massive Dielen, die aus alten Bauernh\u00f6fen und Scheunen wiedergewonnen wurden.<\/span><hr><ul class=\"social\"><li><a target=\"_blank\" href=\"https:\/\/skyway.ge.it\/de\/antikes-holz\/pavimentidirecupero-pavimenti-antichimasi-arredi\/\"><i class=\"fa fa fa-arrow-right\" aria-hidden=\"true\"><\/i><\/a><\/li><\/ul><\/div><div class=\"side-overlay\"><\/div><div class=\"vertical-number-box\"><span class=\"vertical-number\">Holzarten: Fichte, Kiefer und L\u00e4rche<\/span><\/div><img decoding=\"async\" src=\"https:\/\/skyway.ge.it\/wp-content\/uploads\/2018\/11\/Foto-pavimento-Recupero.jpg\" alt=\"ZUR\u00dcCKGEWONNENE FU\u00dfB\u00d6DEN\"><\/div><div class=\"content-box-info\"><h4>ZUR\u00dcCKGEWONNENE FU\u00dfB\u00d6DEN<\/h4><\/div><\/div><\/div>[\/vc_column_inner][vc_column_inner width=&#8220;1\/3&#8243;]<div class=\"team-member light\"><div class=\"content-box\"><div class=\"image-container\"><div class=\"member-details\"><hr><span class=\"member-info\">Massivholzbalken, die von Hand mit der Axt geschlagen und aus den Strukturen und W\u00e4nden alter Bauernh\u00e4user und Scheunen wiedergewonnen wurden.<\/span><hr><ul class=\"social\"><li><a target=\"_blank\" href=\"https:\/\/skyway.ge.it\/de\/antikes-holz\/balken-und-blockhouse\/\"><i class=\"fa fa fa-arrow-right\" aria-hidden=\"true\"><\/i><\/a><\/li><\/ul><\/div><div class=\"side-overlay\"><\/div><div class=\"vertical-number-box\"><span class=\"vertical-number\">H.: Fichte, Kiefer, L\u00e4rche und Eiche<\/span><\/div><img decoding=\"async\" src=\"https:\/\/skyway.ge.it\/wp-content\/uploads\/2018\/11\/Skyway-BlockHouse.jpg\" alt=\"BALKEN UND BLOCKHOUSE\"><\/div><div class=\"content-box-info\"><h4>BALKEN UND BLOCKHOUSE<\/h4><\/div><\/div><\/div>[\/vc_column_inner][vc_column_inner width=&#8220;1\/3&#8243;]<div class=\"team-member light\"><div class=\"content-box\"><div class=\"image-container\"><div class=\"member-details\"><hr><span class=\"member-info\">Bretter, die aus den W\u00e4nden alter Bauernh\u00e4user und Scheunen wiedergewonnen wurden. Sie k\u00f6nnen f\u00fcr die Verkleidung von W\u00e4nden und Decken verwendet werden.<\/span><hr><ul class=\"social\"><li><a target=\"_blank\" href=\"https:\/\/skyway.ge.it\/de\/antikes-holz\/sonnenverbrannte-bretter\/\"><i class=\"fa fa fa-arrow-right\" aria-hidden=\"true\"><\/i><\/a><\/li><\/ul><\/div><div class=\"side-overlay\"><\/div><div class=\"vertical-number-box\"><span class=\"vertical-number\">Holzarten: Fichte, Kiefer und L\u00e4rche<\/span><\/div><img decoding=\"async\" src=\"https:\/\/skyway.ge.it\/wp-content\/uploads\/2018\/11\/Skyway-Tavole-Bruciate-dal-Sole-.jpg\" alt=\"SONNENVERBRANNTE BRETTER\"><\/div><div class=\"content-box-info\"><h4>SONNENVERBRANNTE BRETTER<\/h4><\/div><\/div><\/div>[\/vc_column_inner][\/vc_row_inner][vc_row_inner css=&#8220;.vc_custom_1534230795018{margin-top: 60px !important;}&#8220;][vc_column_inner width=&#8220;1\/3&#8243;]<div class=\"team-member light\"><div class=\"content-box\"><div class=\"image-container\"><div class=\"member-details\"><hr><span class=\"member-info\">Tavole di recupero adatte per realizzare pavimenti, rivestimenti ed arredi.<\/span><hr><ul class=\"social\"><li><a target=\"_blank\" href=\"https:\/\/skyway.ge.it\/de\/antikes-holz\/bauernhofbretter\/\"><i class=\"fa fa fa-arrow-right\" aria-hidden=\"true\"><\/i><\/a><\/li><\/ul><\/div><div class=\"side-overlay\"><\/div><div class=\"vertical-number-box\"><span class=\"vertical-number\">Holzarten: Fichte<\/span><\/div><img decoding=\"async\" src=\"https:\/\/skyway.ge.it\/wp-content\/uploads\/2018\/11\/Skyway-Maso.jpg\" alt=\"BAUERNHOFBRETTER\"><\/div><div class=\"content-box-info\"><h4>BAUERNHOFBRETTER<\/h4><\/div><\/div><\/div>[\/vc_column_inner][vc_column_inner width=&#8220;1\/3&#8243;]<div class=\"team-member light\"><div class=\"content-box\"><div class=\"image-container\"><div class=\"member-details\"><hr><span class=\"member-info\">Bretter, die durch S\u00e4gen der Ausenseiten alter Balken hergestellt werden, die von Hand mit einer Axt geschnitten wurden.<\/span><hr><ul class=\"social\"><li><a target=\"_blank\" href=\"https:\/\/skyway.ge.it\/de\/antikes-holz\/balken-scheiben\/\"><i class=\"fa fa fa-arrow-right\" aria-hidden=\"true\"><\/i><\/a><\/li><\/ul><\/div><div class=\"side-overlay\"><\/div><div class=\"vertical-number-box\"><span class=\"vertical-number\">Holzarten: Fichte, Kiefer und L\u00e4rche<\/span><\/div><img decoding=\"async\" src=\"https:\/\/skyway.ge.it\/wp-content\/uploads\/2018\/11\/Skyway-Fettoni.jpg\" alt=\"BALKEN-SCHEIBEN\"><\/div><div class=\"content-box-info\"><h4>BALKEN-SCHEIBEN<\/h4><\/div><\/div><\/div>[\/vc_column_inner][vc_column_inner width=&#8220;1\/3&#8243;]<div class=\"team-member light\"><div class=\"content-box\"><div class=\"image-container\"><div class=\"member-details\"><hr><span class=\"member-info\">Vorgefertigte dreischichtige Dielen, wobei der sichtbare, edle Teil aus wiedergewonnenen Brettern mit erster Patina besteht.<\/span><hr><ul class=\"social\"><li><a target=\"_blank\" href=\"https:\/\/skyway.ge.it\/de\/antikes-holz\/parquet\/\"><i class=\"fa fa fa-arrow-right\" aria-hidden=\"true\"><\/i><\/a><\/li><\/ul><\/div><div class=\"side-overlay\"><\/div><div class=\"vertical-number-box\"><span class=\"vertical-number\">H.: Fichte, Kiefer, L\u00e4rche und Eiche<\/span><\/div><img decoding=\"async\" src=\"https:\/\/skyway.ge.it\/wp-content\/uploads\/2018\/11\/Skyway-Parquet-Larice.jpg\" alt=\"PARQUET\"><\/div><div class=\"content-box-info\"><h4>PARQUET<\/h4><\/div><\/div><\/div>[\/vc_column_inner][\/vc_row_inner][vc_row_inner css=&#8220;.vc_custom_1534230795018{margin-top: 60px !important;}&#8220;][vc_column_inner width=&#8220;1\/3&#8243;]<div class=\"team-member light\"><div class=\"content-box\"><div class=\"image-container\"><div class=\"member-details\"><hr><span class=\"member-info\">Dreischichtige Paneele mit dem sichtbaren, edlen Teil aus wiedergewonnenen Brettern in erster Patina.<\/span><hr><ul class=\"social\"><li><a target=\"_blank\" href=\"https:\/\/skyway.ge.it\/de\/antikes-holz\/paneele\/\"><i class=\"fa fa fa-arrow-right\" aria-hidden=\"true\"><\/i><\/a><\/li><\/ul><\/div><div class=\"side-overlay\"><\/div><div class=\"vertical-number-box\"><span class=\"vertical-number\">Holzarten: Fichte, Kiefer und L\u00e4rche<\/span><\/div><img decoding=\"async\" src=\"https:\/\/skyway.ge.it\/wp-content\/uploads\/2018\/11\/Skyway-Panelli-legno.jpg\" alt=\"PANEELE\"><\/div><div class=\"content-box-info\"><h4>PANEELE<\/h4><\/div><\/div><\/div>[\/vc_column_inner][vc_column_inner width=&#8220;1\/3&#8243;]<div class=\"team-member light\"><div class=\"content-box\"><div class=\"image-container\"><div class=\"member-details\"><hr><span class=\"member-info\">Zweischichtige Mehrschichtplatten f\u00fcr die Herstellung von T\u00fcren. Sie sind mit wiederhergestellten Brettern in erster Patina verkleidet.<\/span><hr><ul class=\"social\"><li><a target=\"_blank\" href=\"https:\/\/skyway.ge.it\/de\/antikes-holz\/tueren\/\"><i class=\"fa fa fa-arrow-right\" aria-hidden=\"true\"><\/i><\/a><\/li><\/ul><\/div><div class=\"side-overlay\"><\/div><div class=\"vertical-number-box\"><span class=\"vertical-number\">Holzarten: Fichte, Kiefer und L\u00e4rche<\/span><\/div><img decoding=\"async\" src=\"https:\/\/skyway.ge.it\/wp-content\/uploads\/2018\/11\/Skyway-Porte-legno.jpg\" alt=\"T\u00dcREN\"><\/div><div class=\"content-box-info\"><h4>T\u00dcREN<\/h4><\/div><\/div><\/div>[\/vc_column_inner][vc_column_inner width=&#8220;1\/3&#8243; css=&#8220;.vc_custom_1543791500300{padding-top: 135px !important;}&#8220;][vc_single_image image=&#8220;15517&#8243; alignment=&#8220;center&#8220; css_animation=&#8220;fadeInUp&#8220;][\/vc_column_inner][\/vc_row_inner][\/vc_column][\/vc_row][vc_row el_class=&#8220;spaced&#8220;][vc_column width=&#8220;1\/2&#8243;][vc_single_image image=&#8220;15501&#8243; add_caption=&#8220;yes&#8220; onclick=&#8220;img_link_large&#8220;][\/vc_column][vc_column width=&#8220;1\/2&#8243;][vc_row_inner css=&#8220;.vc_custom_1535098814269{margin-top: 80px !important;margin-left: -90px !important;}&#8220;][vc_column_inner el_class=&#8220;shadow-box&#8220;]<span class=\"subtitle dash-false style-dark text-default\">ARTEN VON MATERIALIEN<\/span>[vc_column_text]<\/p>\n<h2>Antikes Holz<\/h2>\n<p>[\/vc_column_text]<div class=\"dash style-dark default\"><\/div>[vc_column_text]Einzigartige Produkte, von uns bis ins kleinste Detail ausgew\u00e4hlt und gepflegt. I legni sono sottoposti a un attento processo di pulizia e restauro. Wir bieten Ihnen 4 Holzarten an.[\/vc_column_text][vc_column_text]<ul class=\"nav nav-tabs style-accent light\" id=\"custom-tabs-38\"><li class=\"active\"><a href=\"#custom-tab-0-Fichte\"  data-toggle=\"tab\">Fichte<\/a><\/li><li><a href=\"#custom-tab-0-Kiefer\"  data-toggle=\"tab\">Kiefer<\/a><\/li><li><a href=\"#custom-tab-0-Laerche\"  data-toggle=\"tab\">L\u00e4rche<\/a><\/li><li><a href=\"#custom-tab-0-Eiche\"  data-toggle=\"tab\">Eiche<\/a><\/li><\/ul><div class=\"tab-content style-accent\"><div id=\"custom-tab-0-Fichte\" class=\"tab-pane animated fadeIn active\">\n<p>Fichte ist eines der am h\u00e4ufigsten vorkommenden H\u00f6lzer der Welt und zeichnet sich durch seine helle, honigfarbene Farbe aus.<\/p>\n<p>Es hat eine regelm\u00e4\u00dfige Maserung und eignet sich besonders f\u00fcr den Innenbereich zur Herstellung von M\u00f6beln, Einrichtungsgegenst\u00e4nden, Vert\u00e4felungen und Fu\u00dfb\u00f6den.<\/p>\n<p><\/p><\/div><div id=\"custom-tab-0-Kiefer\" class=\"tab-pane animated fadeIn \">\n<p>Kiefer ist ein z\u00e4hes Holz, das sich durch seine helle Farbe und wenige \u00c4ste auszeichnet.<\/p>\n<p>Es eignet sich f\u00fcr eine Vielzahl von Tischlerarbeiten.<\/p>\n<p><\/p><\/div><div id=\"custom-tab-0-Laerche\" class=\"tab-pane animated fadeIn \">\n<p>L\u00e4rche ist ein besonders hartes und z\u00e4hes Holz, das sich durch seine r\u00f6tliche Farbe auszeichnet.<\/p>\n<p>Es ist besonders stark mit Harz impr\u00e4gniert, was es witterungsbest\u00e4ndig macht.<\/p>\n<p>Es wird vor allem als Bauholz, f\u00fcr M\u00f6bel, Einrichtungsgegenst\u00e4nde und Fu\u00dfb\u00f6den verwendet.<\/p>\n<p>&nbsp;<\/p>\n<p><\/p><\/div><div id=\"custom-tab-0-Eiche\" class=\"tab-pane animated fadeIn \">\n<div>Eichenholz ist sehr wertvoll und langlebig.<\/div>\n<div>Es hat eine sehr elegante und warme Farbe, die es mit jeder Umgebung kompatibel macht.<\/div>\n<div>Es ist ideal f\u00fcr die Realisierung von M\u00f6bel und Parquet.<\/div>\n<p>&nbsp;<\/p>\n<p><\/p><\/div><\/div>[\/vc_column_text][\/vc_column_inner][\/vc_row_inner][\/vc_column][\/vc_row][vc_row][vc_column][vc_column_text]<\/p>\n<p>[\/vc_column_text][\/vc_column][\/vc_row][vc_row][vc_column][vc_column_text]<\/p>\n<p>[\/vc_column_text][\/vc_column][\/vc_row]<\/p>\n<\/section>","protected":false},"excerpt":{"rendered":"<p>[vc_row full_width=&#8220;stretch_row&#8220; css=&#8220;.vc_custom_1543788324220{padding-bottom: 50px !important;background: #f5f5f5 url(https:\/\/themicart.com\/interico-wpb\/wp-content\/uploads\/2018\/04\/vertical-lines-3.png?id=10096) !important;background-position: 0 0 !important;background-repeat: repeat !important;}&#8220; el_class=&#8220;spaced-top&#8220;][vc_column width=&#8220;2\/3&#8243;][vc_column_text] WARUM SOLLTE MAN SICH F\u00dcR ANTIKES HOLZ ENTSCHEIDEN? [\/vc_column_text][vc_column_text] \u2022 Antikes Holz ist ein lebendiges Material, das sich im Laufe der Zeit anpasst, aber auch alte Erinnerungen bewahrt! \u2022 Zur\u00fcckgewonnenes Holz ist genauso dauerhaft und leistungsstark wie neues Holz! \u2022Die [&hellip;]<\/p>\n","protected":false},"author":1,"featured_media":0,"parent":0,"menu_order":0,"comment_status":"closed","ping_status":"closed","template":"","meta":{"footnotes":""},"_links":{"self":[{"href":"https:\/\/skyway.ge.it\/de\/wp-json\/wp\/v2\/pages\/18849"}],"collection":[{"href":"https:\/\/skyway.ge.it\/de\/wp-json\/wp\/v2\/pages"}],"about":[{"href":"https:\/\/skyway.ge.it\/de\/wp-json\/wp\/v2\/types\/page"}],"author":[{"embeddable":true,"href":"https:\/\/skyway.ge.it\/de\/wp-json\/wp\/v2\/users\/1"}],"replies":[{"embeddable":true,"href":"https:\/\/skyway.ge.it\/de\/wp-json\/wp\/v2\/comments?post=18849"}],"version-history":[{"count":20,"href":"https:\/\/skyway.ge.it\/de\/wp-json\/wp\/v2\/pages\/18849\/revisions"}],"predecessor-version":[{"id":19777,"href":"https:\/\/skyway.ge.it\/de\/wp-json\/wp\/v2\/pages\/18849\/revisions\/19777"}],"wp:attachment":[{"href":"https:\/\/skyway.ge.it\/de\/wp-json\/wp\/v2\/media?parent=18849"}],"curies":[{"name":"wp","href":"https:\/\/api.w.org\/{rel}","templated":true}]}}