{"id":18833,"date":"2018-11-29T23:51:59","date_gmt":"2018-11-29T22:51:59","guid":{"rendered":"https:\/\/skyway.ge.it\/was-wir-tun\/"},"modified":"2023-07-11T16:19:59","modified_gmt":"2023-07-11T14:19:59","slug":"was-wir-tun","status":"publish","type":"page","link":"https:\/\/skyway.ge.it\/de\/was-wir-tun\/","title":{"rendered":"Was wir tun"},"content":{"rendered":"<section class=\"wpb-content-wrapper\"><p>[vc_row full_width=&#8220;stretch_row&#8220; css=&#8220;.vc_custom_1543799102249{background: #f9f9f9 url(https:\/\/themicart.com\/interico-wpb\/wp-content\/uploads\/2018\/03\/vertical-lines-3-1.png?id=9229) !important;background-position: 0 0 !important;background-repeat: repeat !important;}&#8220; el_class=&#8220;spaced&#8220;][vc_column width=&#8220;1\/2&#8243;]<span class=\"subtitle dash-true style-dark text-default\">HOCHWERTIGES ANTIKES HOLZ<\/span>[vc_column_text css_animation=&#8220;slideInUp&#8220;]<\/p>\n<h2><span style=\"color: #993300;\">LEIDENSCHAFT F\u00dcR SCH\u00d6NHEIT<\/span><\/h2>\n<p>[\/vc_column_text][vc_column_text]<\/p>\n<h4><\/h4>\n<h4><span style=\"color: #993300;\">Wir handeln mit wertvollem Holz: Balken, T\u00fcren, Fu\u00dfb\u00f6den und Holzkonstruktionen.<\/span><\/h4>\n<h4><span style=\"color: #993300;\">Wir k\u00fcmmern uns um die Auswahl, die Restaurierung und den Transport der Materialien.<\/span><\/h4>\n<p>&nbsp;<\/p>\n<p>Wir verwenden antikes Holz aus Scheunen und alten Bauernh\u00e4usern, um Artefakte mit Mehrwert zu erhalten, mit der Philosophie der Qualit\u00e4tsverwertung.<\/p>\n<p>Antikes Altholz ist die ideale L\u00f6sung f\u00fcr die Gestaltung oder Renovierung von R\u00e4umen und Artefakten, die Sie zu etwas Besonderem mit exklusivem Design machen.[\/vc_column_text][\/vc_column][vc_column width=&#8220;1\/2&#8243;][vc_single_image image=&#8220;15453&#8243; img_size=&#8220;large&#8220;][\/vc_column][\/vc_row][vc_row css=&#8220;.vc_custom_1538477804812{padding-top: 100px !important;padding-bottom: 100px !important;}&#8220;][vc_column][vc_column_text el_class=&#8220;animate&#8220;]<\/p>\n<h2 style=\"text-align: center;\"><span style=\"color: #ffffff;\">Antikes Holz mit seinen einzigartigen Eigenschaften<\/span><\/h2>\n<p>[\/vc_column_text]<span class=\"subtitle dash-false style-dark text-center\">JEDE HOLZDIELE WIRD GEREINIGT UND SORGF\u00c4LTIG RESTAURIERT.<\/span>[\/vc_column][\/vc_row][vc_row full_width=&#8220;stretch_row&#8220; css=&#8220;.vc_custom_1538477814589{padding-top: 80px !important;padding-bottom: 80px !important;background: #f9f9f9 url(https:\/\/themicart.com\/interico-wpb\/wp-content\/uploads\/2018\/03\/vertical-lines-3-1.png?id=9229) !important;background-position: 0 0 !important;background-repeat: repeat !important;}&#8220; el_class=&#8220;spaced&#8220;][vc_column width=&#8220;5\/12&#8243;]<span class=\"subtitle dash-true style-dark text-default\">ARTEN VON MATERIALIEN<\/span>[vc_column_text el_class=&#8220;animate&#8220;]<\/p>\n<h2><span style=\"color: #993300;\">VERWENDUNG VON ANTIKEM HOLZ<\/span><\/h2>\n<h4><span style=\"color: #993300;\">Ideal f\u00fcr die Gestaltung von Fu\u00dfb\u00f6den, Treppen, Schr\u00e4nken, Parquet, Decken und jeder anderen geschmackvollen Struktur.<\/span><\/h4>\n<p>&nbsp;<\/p>\n<p>Es handelt sich um ein wertvolles Material, das mit seinen Farben und Merkmalen, wie Maserung, Farben und D\u00fcften, immer einzigartig ist.[\/vc_column_text][vc_column_text][\/vc_column_text][\/vc_column][vc_column width=&#8220;7\/12&#8243;][vc_column_text]<ul class=\"nav nav-tabs style-accent light\" id=\"custom-tabs-75\"><li class=\"active\"><a href=\"#custom-tab-0-Fichte\"  data-toggle=\"tab\">Fichte<\/a><\/li><li><a href=\"#custom-tab-0-Kiefer\"  data-toggle=\"tab\">Kiefer<\/a><\/li><li><a href=\"#custom-tab-0-Laerche\"  data-toggle=\"tab\">L\u00e4rche<\/a><\/li><li><a href=\"#custom-tab-0-Eiche\"  data-toggle=\"tab\">Eiche<\/a><\/li><\/ul><div class=\"tab-content style-accent\"><div id=\"custom-tab-0-Fichte\" class=\"tab-pane animated fadeIn active\">\n<p>Fichte ist eines der am h\u00e4ufigsten vorkommenden H\u00f6lzer der Welt und zeichnet sich durch seine helle, honigfarbene Farbe aus.<\/p>\n<p>Es hat eine regelm\u00e4\u00dfige Maserung und eignet sich besonders f\u00fcr den Innenbereich zur Herstellung von M\u00f6beln, Einrichtungsgegenst\u00e4nden, Vert\u00e4felungen und Fu\u00dfb\u00f6den.<\/p>\n<p><\/p><\/div><div id=\"custom-tab-0-Kiefer\" class=\"tab-pane animated fadeIn \">\n<p>Kiefer ist ein z\u00e4hes Holz, das sich durch seine helle Farbe und wenige \u00c4ste auszeichnet.<\/p>\n<p>Es eignet sich f\u00fcr eine Vielzahl von Tischlerarbeiten.<\/p>\n<p><\/p><\/div><div id=\"custom-tab-0-Laerche\" class=\"tab-pane animated fadeIn \">\n<p>L\u00e4rche ist ein besonders hartes und z\u00e4hes Holz, das sich durch seine r\u00f6tliche Farbe auszeichnet.<\/p>\n<p>Es ist besonders stark mit Harz impr\u00e4gniert, was es witterungsbest\u00e4ndig macht.<\/p>\n<p>Es wird vor allem als Bauholz, f\u00fcr M\u00f6bel, Einrichtungsgegenst\u00e4nde und Fu\u00dfb\u00f6den verwendet.<\/p>\n<p>&nbsp;<\/p>\n<p><\/p><\/div><div id=\"custom-tab-0-Eiche\" class=\"tab-pane animated fadeIn \">\n<div>Eichenholz ist sehr wertvoll und langlebig.<\/div>\n<div>Es hat eine sehr elegante und warme Farbe, die es mit jeder Umgebung kompatibel macht.<\/div>\n<div>Es ist ideal f\u00fcr die Realisierung von M\u00f6bel und Parquet.<\/div>\n<p>&nbsp;<\/p>\n<p><\/p><\/div><\/div>[\/vc_column_text][\/vc_column][\/vc_row][vc_row][vc_column][vc_images_carousel images=&#8220;15669,15693,16173,16165&#8243; img_size=&#8220;full&#8220;][\/vc_column][\/vc_row]<\/p>\n<\/section>","protected":false},"excerpt":{"rendered":"<p>[vc_row full_width=&#8220;stretch_row&#8220; css=&#8220;.vc_custom_1543799102249{background: #f9f9f9 url(https:\/\/themicart.com\/interico-wpb\/wp-content\/uploads\/2018\/03\/vertical-lines-3-1.png?id=9229) !important;background-position: 0 0 !important;background-repeat: repeat !important;}&#8220; el_class=&#8220;spaced&#8220;][vc_column width=&#8220;1\/2&#8243;][vc_column_text css_animation=&#8220;slideInUp&#8220;] LEIDENSCHAFT F\u00dcR SCH\u00d6NHEIT [\/vc_column_text][vc_column_text] Wir handeln mit wertvollem Holz: Balken, T\u00fcren, Fu\u00dfb\u00f6den und Holzkonstruktionen. Wir k\u00fcmmern uns um die Auswahl, die Restaurierung und den Transport der Materialien. &nbsp; Wir verwenden antikes Holz aus Scheunen und alten Bauernh\u00e4usern, um Artefakte mit Mehrwert [&hellip;]<\/p>\n","protected":false},"author":1,"featured_media":10877,"parent":0,"menu_order":0,"comment_status":"closed","ping_status":"closed","template":"","meta":{"footnotes":""},"_links":{"self":[{"href":"https:\/\/skyway.ge.it\/de\/wp-json\/wp\/v2\/pages\/18833"}],"collection":[{"href":"https:\/\/skyway.ge.it\/de\/wp-json\/wp\/v2\/pages"}],"about":[{"href":"https:\/\/skyway.ge.it\/de\/wp-json\/wp\/v2\/types\/page"}],"author":[{"embeddable":true,"href":"https:\/\/skyway.ge.it\/de\/wp-json\/wp\/v2\/users\/1"}],"replies":[{"embeddable":true,"href":"https:\/\/skyway.ge.it\/de\/wp-json\/wp\/v2\/comments?post=18833"}],"version-history":[{"count":3,"href":"https:\/\/skyway.ge.it\/de\/wp-json\/wp\/v2\/pages\/18833\/revisions"}],"predecessor-version":[{"id":18845,"href":"https:\/\/skyway.ge.it\/de\/wp-json\/wp\/v2\/pages\/18833\/revisions\/18845"}],"wp:featuredmedia":[{"embeddable":true,"href":"https:\/\/skyway.ge.it\/de\/wp-json\/wp\/v2\/media\/10877"}],"wp:attachment":[{"href":"https:\/\/skyway.ge.it\/de\/wp-json\/wp\/v2\/media?parent=18833"}],"curies":[{"name":"wp","href":"https:\/\/api.w.org\/{rel}","templated":true}]}}