{"id":17017,"date":"2018-11-28T20:11:59","date_gmt":"2018-11-28T19:11:59","guid":{"rendered":"https:\/\/skyway.ge.it\/who-we-are\/"},"modified":"2023-07-12T15:23:32","modified_gmt":"2023-07-12T13:23:32","slug":"who-we-are","status":"publish","type":"page","link":"https:\/\/skyway.ge.it\/de\/who-we-are\/","title":{"rendered":"\u00dcber uns"},"content":{"rendered":"<section class=\"wpb-content-wrapper\"><p>[vc_row full_width=&#8220;stretch_row&#8220; css=&#8220;.vc_custom_1543805905498{background: #f9f9f9 url(https:\/\/themicart.com\/interico-wpb\/wp-content\/uploads\/2018\/03\/vertical-lines-3-1.png?id=9229) !important;background-position: 0 0 !important;background-repeat: repeat !important;}&#8220; el_class=&#8220;spaced&#8220;][vc_column width=&#8220;1\/2&#8243;]<span class=\"subtitle dash-true style-dark text-default\">SKYWAY<\/span>[vc_column_text css_animation=&#8220;slideInLeft&#8220;]<\/p>\n<h2><span style=\"color: #993300;\">EXPERTEN F\u00dcR ALTES HOLZ<\/span><\/h2>\n<p>[\/vc_column_text][vc_column_text]Seit mehr als 15 Jahren revitalisieren wir mit Leidenschaft altes Holz aus Fichte und L\u00e4rche.<\/p>\n<p>Unser Holz wird aus alten Bauernh\u00f6fen und Scheunen demontiert und zur\u00fcckgewonnen, mit Respekt f\u00fcr die Natur und die \u00f6kologische Nachhaltigkeit.<\/p>\n<p>Diese jahrhundertealten H\u00f6lzer sind in ihren verschiedenen Arten und in ihrem Alter einzigartig und eignen sich f\u00fcr jede Umgebung. Sie sind vielseitig verwendbar und eignen sich f\u00fcr Fu\u00dfb\u00f6den, M\u00f6bel und Verkleidungen im Innen- und Au\u00dfenbereich.<\/p>\n<p>Wir sind in der Lage, Ihnen verschiedene Dienstleistungen anzubieten, von der Lieferung des Materials bis zur Innenraumgestaltung, mit der M\u00f6glichkeit, Sie von Fachleuten und Handwerksmeistern begeleiten zu lassen.<\/p>\n<p>Geschickte und aufmerksame H\u00e4nde bearbeiten das Produkt, wobei jede Holzdiele einem strengen Reinigungs- und Restaurierungsprozess unterzogen wird.[\/vc_column_text][\/vc_column][vc_column width=&#8220;1\/2&#8243;][vc_single_image image=&#8220;15437&#8243; img_size=&#8220;large&#8220;][\/vc_column][\/vc_row][vc_row css=&#8220;.vc_custom_1538477804812{padding-top: 100px !important;padding-bottom: 100px !important;}&#8220;][vc_column][vc_column_text el_class=&#8220;animate&#8220;]<\/p>\n<h2 style=\"text-align: center;\"><span style=\"color: #ffffff;\">WISSEN UND LEIDENSCHAFT<\/span><\/h2>\n<p>[\/vc_column_text]<span class=\"subtitle dash-false style-dark text-center\">JEDES ST\u00dcCK IST EINZIGARTIG UND DAZU BESTIMMT, IHRE UMGEBUNG ZU VERSCH\u00d6NERN<\/span>[\/vc_column][\/vc_row][vc_row full_width=&#8220;stretch_row&#8220; css=&#8220;.vc_custom_1544094805302{padding-top: 80px !important;padding-bottom: 30px !important;background: #f9f9f9 url(https:\/\/themicart.com\/interico-wpb\/wp-content\/uploads\/2018\/03\/vertical-lines-3-1.png?id=9229) !important;background-position: 0 0 !important;background-repeat: repeat !important;}&#8220; el_class=&#8220;spaced&#8220;][vc_column width=&#8220;1\/2&#8243;]<span class=\"subtitle dash-true style-dark text-default\">UNSER HOLZ<\/span>[vc_column_text css_animation=&#8220;slideInLeft&#8220; el_class=&#8220;animate&#8220;]<\/p>\n<h2><span style=\"color: #993300;\">HOLZ, DAS MAN ERLEBEN KANN<\/span><\/h2>\n<p>[\/vc_column_text][vc_column_text]Antikes Altholz ist die ideale L\u00f6sung f\u00fcr die Gestaltung oder Renovierung von R\u00e4umen und Manufakten, die Sie zu etwas Besonderem mit exklusivem Design machen.[\/vc_column_text][\/vc_column][vc_column width=&#8220;1\/2&#8243;][vc_gallery interval=&#8220;3&#8243; images=&#8220;15485,15685,16789,16797&#8243; img_size=&#8220;large&#8220;][\/vc_column][\/vc_row]<\/p>\n<\/section>","protected":false},"excerpt":{"rendered":"<p>[vc_row full_width=&#8220;stretch_row&#8220; css=&#8220;.vc_custom_1543805905498{background: #f9f9f9 url(https:\/\/themicart.com\/interico-wpb\/wp-content\/uploads\/2018\/03\/vertical-lines-3-1.png?id=9229) !important;background-position: 0 0 !important;background-repeat: repeat !important;}&#8220; el_class=&#8220;spaced&#8220;][vc_column width=&#8220;1\/2&#8243;][vc_column_text css_animation=&#8220;slideInLeft&#8220;] EXPERTEN F\u00dcR ALTES HOLZ [\/vc_column_text][vc_column_text]Seit mehr als 15 Jahren revitalisieren wir mit Leidenschaft altes Holz aus Fichte und L\u00e4rche. Unser Holz wird aus alten Bauernh\u00f6fen und Scheunen demontiert und zur\u00fcckgewonnen, mit Respekt f\u00fcr die Natur und die \u00f6kologische Nachhaltigkeit. Diese jahrhundertealten [&hellip;]<\/p>\n","protected":false},"author":1,"featured_media":10877,"parent":0,"menu_order":0,"comment_status":"closed","ping_status":"closed","template":"","meta":{"footnotes":""},"_links":{"self":[{"href":"https:\/\/skyway.ge.it\/de\/wp-json\/wp\/v2\/pages\/17017"}],"collection":[{"href":"https:\/\/skyway.ge.it\/de\/wp-json\/wp\/v2\/pages"}],"about":[{"href":"https:\/\/skyway.ge.it\/de\/wp-json\/wp\/v2\/types\/page"}],"author":[{"embeddable":true,"href":"https:\/\/skyway.ge.it\/de\/wp-json\/wp\/v2\/users\/1"}],"replies":[{"embeddable":true,"href":"https:\/\/skyway.ge.it\/de\/wp-json\/wp\/v2\/comments?post=17017"}],"version-history":[{"count":11,"href":"https:\/\/skyway.ge.it\/de\/wp-json\/wp\/v2\/pages\/17017\/revisions"}],"predecessor-version":[{"id":19569,"href":"https:\/\/skyway.ge.it\/de\/wp-json\/wp\/v2\/pages\/17017\/revisions\/19569"}],"wp:featuredmedia":[{"embeddable":true,"href":"https:\/\/skyway.ge.it\/de\/wp-json\/wp\/v2\/media\/10877"}],"wp:attachment":[{"href":"https:\/\/skyway.ge.it\/de\/wp-json\/wp\/v2\/media?parent=17017"}],"curies":[{"name":"wp","href":"https:\/\/api.w.org\/{rel}","templated":true}]}}